{"id":2707,"date":"2024-06-21T14:08:56","date_gmt":"2024-06-21T06:08:56","guid":{"rendered":"http:\/\/www.camcjsw-testmachines.com\/product\/high-strength-wide-plate-horizontal-electro-hydraulic-servo-tensile-testing-machine\/"},"modified":"2024-08-12T15:48:09","modified_gmt":"2024-08-12T07:48:09","slug":"high-strength-wide-plate-horizontal-electro-hydraulic-servo-tensile-testing-machine","status":"publish","type":"product","link":"http:\/\/www.camcjsw-testmachines.com\/es\/producto\/high-strength-wide-plate-horizontal-electro-hydraulic-servo-tensile-testing-machine\/","title":{"rendered":"M\u00e1quina de ensayo de tracci\u00f3n electrohidr\u00e1ulica horizontal de placa ancha de alta resistencia"},"content":{"rendered":"<p><strong>Main applications:<\/strong><\/p>\n<p>Mainly used for large size, high strength ship plate, the material such as pipeline welding strength test and wide plate tensile test, is to transmit, shipbuilding, Marine oil drilling platform, large span Bridges, high-rise building steel structure manufacturing industries such as large tensile test of choice for equipment, at the same time can also be used for all kinds of wire, cable, chain, electrical equipment, insulation and insulation materials such as mechanical tensile properties of test specimens, can also be used for other kinds of special type of mechanical test of the specimens.<\/p>\n<p><strong>Product overview:<\/strong><\/p>\n<p>Mainly used for large size, high strength ship plate, the material such as pipeline welding strength test and wide plate tensile test, is to transmit, shipbuilding, Marine oil drilling platform, large span Bridges, high-rise building steel structure manufacturing industries such as large tensile test of choice for equipment, at the same time can also be used for all kinds of wire, cable, chain, electrical equipment, insulation and insulation materials such as mechanical tensile properties of test specimens, can also be used for other kinds of special type of mechanical test of the specimens.<\/p>\n<p>The machine is widely used in building materials, electrical (gas), national defense research, shipbuilding, colleges and universities, quality testing center and commodity inspection departments, is an ideal testing machine to meet the requirements of modern production, scientific research and teaching and other industries.<\/p>\n<p><strong>Technical advantages:<\/strong><\/p>\n<p>The entire test process is controlled by a hydraulic loading computer. The test data are accurately collected and transmitted to the computer by a load sensor.<\/p>\n<p>The system automatically analyzes, processes and stores the test results with force-elongation, stress-strain, force-time and strain-time.<\/p>\n<p>The fully enclosed test space increases the overall safety of the test and greatly reduces the damage degree of the test machine and its surroundings.<\/p>\n<p>Can design and produce different travel space and maximum test force to meet the needs of different users.Fine adjustment of beam position: manual control box is ideal for this function.<\/p>\n<p>With load limit, position limit, test break stop protection function.A protective cover is provided to prevent the sample from jumping out when it is broken.<\/p>\n<p>The system automatically collects and processes the verification data and automatically tests the characteristic points of materials.<\/p>\n<p>It has three measurement channels of force, displacement and deformation, and five loading control modes of force, displacement, deformation, stress and strain.<\/p>\n<p>It has the function of real-time tracking curve in the process of test.<\/p>\n<p>The software is equipped with a judgment limit, which can automatically determine whether the workpiece being pulled is qualified and can meet the test standards of various materials.<\/p>\n<p><strong>Main specifications and technical parameters:<\/strong><\/p>\n<table border=\"1px;solid;black;\">\n<tbody>\n<tr class=\"firstRow\">\n<td colspan=\"2\" width=\"201\">Modelo<\/td>\n<td width=\"276\">YNS-W20000<\/td>\n<\/tr>\n<tr>\n<td rowspan=\"4\" width=\"73\">Testing Force<\/td>\n<td width=\"128\">Maximum test force<\/td>\n<td width=\"276\">20000\uff08KN\uff09<\/td>\n<\/tr>\n<tr>\n<td width=\"128\">Measurement\u00a0range<\/td>\n<td width=\"276\">\u2264\u00b11\uff05<\/td>\n<\/tr>\n<tr>\n<td width=\"128\">Indication accuracy<\/td>\n<td width=\"276\">Level I<\/td>\n<\/tr>\n<tr>\n<td width=\"128\">Accuracy\u00a0grade<\/td>\n<td width=\"276\">\u00b10.5\uff05<\/td>\n<\/tr>\n<tr>\n<td rowspan=\"3\" width=\"73\">Controls\u00a0\u00a0\u00a0parameter<\/td>\n<td width=\"128\">Repetitive accuracy<\/td>\n<td width=\"276\">\u00b11\uff05<\/td>\n<\/tr>\n<tr>\n<td width=\"128\">Test \u00a0 range<\/td>\n<td width=\"276\">0.05\uff5e20mm\uff0fmin<\/td>\n<\/tr>\n<tr>\n<td width=\"128\">Speed \u00a0 Accuracy<\/td>\n<td width=\"276\">\u00b11\uff05<\/td>\n<\/tr>\n<tr>\n<td rowspan=\"2\" width=\"73\">Host<\/td>\n<td width=\"128\">Piston \u00a0 stroke<\/td>\n<td width=\"276\">1000mm<\/td>\n<\/tr>\n<tr>\n<td width=\"128\">Chuck spacing<\/td>\n<td width=\"276\">4000mm\uff08regulable\uff09<\/td>\n<\/tr>\n<\/tbody>\n<\/table>\n<p>&nbsp;<\/p>","protected":false},"excerpt":{"rendered":"<p>Main applications: Mainly used for large size, high strength ship plate, the material such as pipeline welding strength test and wide plate tensile test, is to transmit, shipbuilding, Marine oil drilling platform, large span Bridges, high-rise building steel structure manufacturing industries such as large tensile test of choice for equipment, at the same time can [&hellip;]<\/p>","protected":false},"featured_media":281,"template":"","meta":{"_uag_custom_page_level_css":"","site-sidebar-layout":"default","site-content-layout":"","ast-site-content-layout":"default","site-content-style":"default","site-sidebar-style":"default","ast-global-header-display":"","ast-banner-title-visibility":"","ast-main-header-display":"","ast-hfb-above-header-display":"","ast-hfb-below-header-display":"","ast-hfb-mobile-header-display":"","site-post-title":"","ast-breadcrumbs-content":"","ast-featured-img":"","footer-sml-layout":"","theme-transparent-header-meta":"default","adv-header-id-meta":"","stick-header-meta":"","header-above-stick-meta":"","header-main-stick-meta":"","header-below-stick-meta":"","astra-migrate-meta-layouts":"set","ast-page-background-enabled":"default","ast-page-background-meta":{"desktop":{"background-color":"","background-image":"","background-repeat":"repeat","background-position":"center center","background-size":"auto","background-attachment":"scroll","background-type":"","background-media":"","overlay-type":"","overlay-color":"","overlay-opacity":"","overlay-gradient":""},"tablet":{"background-color":"","background-image":"","background-repeat":"repeat","background-position":"center center","background-size":"auto","background-attachment":"scroll","background-type":"","background-media":"","overlay-type":"","overlay-color":"","overlay-opacity":"","overlay-gradient":""},"mobile":{"background-color":"","background-image":"","background-repeat":"repeat","background-position":"center center","background-size":"auto","background-attachment":"scroll","background-type":"","background-media":"","overlay-type":"","overlay-color":"","overlay-opacity":"","overlay-gradient":""}},"ast-content-background-meta":{"desktop":{"background-color":"var(--ast-global-color-5)","background-image":"","background-repeat":"repeat","background-position":"center center","background-size":"auto","background-attachment":"scroll","background-type":"","background-media":"","overlay-type":"","overlay-color":"","overlay-opacity":"","overlay-gradient":""},"tablet":{"background-color":"var(--ast-global-color-5)","background-image":"","background-repeat":"repeat","background-position":"center center","background-size":"auto","background-attachment":"scroll","background-type":"","background-media":"","overlay-type":"","overlay-color":"","overlay-opacity":"","overlay-gradient":""},"mobile":{"background-color":"var(--ast-global-color-5)","background-image":"","background-repeat":"repeat","background-position":"center center","background-size":"auto","background-attachment":"scroll","background-type":"","background-media":"","overlay-type":"","overlay-color":"","overlay-opacity":"","overlay-gradient":""}}},"product_cat":[21],"product_tag":[],"class_list":{"0":"post-2707","1":"product","2":"type-product","3":"status-publish","4":"has-post-thumbnail","6":"product_cat-testing-rig","7":"desktop-align-left","8":"tablet-align-left","9":"mobile-align-left","11":"first","12":"instock","13":"shipping-taxable","14":"product-type-simple"},"yoast_head":"<!-- This site is optimized with the Yoast SEO Premium plugin v22.5 (Yoast SEO v22.9) - https:\/\/yoast.com\/wordpress\/plugins\/seo\/ -->\r\n<title>High strength wide plate horizontal electro-hydraulic servo tensile testing machine - SINOTEST, a brand of JIANGSU WALLONG-HSIN MACHINERY ENGINEERING CORPORATION LTD<\/title>\r\n<meta name=\"description\" content=\"High strength wide plate horizontal electro-hydraulic servo tensile testing machine - Mainly used for large size, high strength ship plate, the material such as pipeline welding strength test and wide plate tensile test,\" \/>\r\n<meta name=\"robots\" content=\"index, follow, max-snippet:-1, max-image-preview:large, max-video-preview:-1\" \/>\r\n<link rel=\"canonical\" href=\"http:\/\/www.camcjsw-testmachines.com\/es\/producto\/high-strength-wide-plate-horizontal-electro-hydraulic-servo-tensile-testing-machine\/\" \/>\r\n<meta property=\"og:locale\" content=\"es_ES\" \/>\r\n<meta property=\"og:type\" content=\"article\" \/>\r\n<meta property=\"og:title\" content=\"High strength wide plate horizontal electro-hydraulic servo tensile testing machine\" \/>\r\n<meta property=\"og:description\" content=\"High strength wide plate horizontal electro-hydraulic servo tensile testing machine - Mainly used for large size, high strength ship plate, the material such as pipeline welding strength test and wide plate tensile test,\" \/>\r\n<meta property=\"og:url\" content=\"http:\/\/www.camcjsw-testmachines.com\/es\/producto\/high-strength-wide-plate-horizontal-electro-hydraulic-servo-tensile-testing-machine\/\" \/>\r\n<meta property=\"og:site_name\" content=\"SINOTEST, a brand of JIANGSU WALLONG-HSIN MACHINERY ENGINEERING CORPORATION LTD\" \/>\r\n<meta property=\"article:publisher\" content=\"https:\/\/www.facebook.com\/sinotestcorporation\/\" \/>\r\n<meta property=\"article:modified_time\" content=\"2024-08-12T07:48:09+00:00\" \/>\r\n<meta property=\"og:image\" content=\"http:\/\/www.camcjsw-testmachines.com\/wp-content\/uploads\/2024\/07\/20190515171154.webp\" \/>\r\n\t<meta property=\"og:image:width\" content=\"1022\" \/>\r\n\t<meta property=\"og:image:height\" content=\"911\" \/>\r\n\t<meta property=\"og:image:type\" content=\"image\/webp\" \/>\r\n<meta name=\"twitter:card\" content=\"summary_large_image\" \/>\r\n<meta name=\"twitter:site\" content=\"@sinotestmachine\" \/>\r\n<meta name=\"twitter:label1\" content=\"Tiempo de lectura\" \/>\n\t<meta name=\"twitter:data1\" content=\"3 minutos\" \/>\r\n<script type=\"application\/ld+json\" class=\"yoast-schema-graph\">{\"@context\":\"https:\/\/schema.org\",\"@graph\":[{\"@type\":\"WebPage\",\"@id\":\"http:\/\/www.camcjsw-testmachines.com\/product\/high-strength-wide-plate-horizontal-electro-hydraulic-servo-tensile-testing-machine\/\",\"url\":\"http:\/\/www.camcjsw-testmachines.com\/product\/high-strength-wide-plate-horizontal-electro-hydraulic-servo-tensile-testing-machine\/\",\"name\":\"High strength wide plate horizontal electro-hydraulic servo tensile testing machine - SINOTEST, a brand of JIANGSU WALLONG-HSIN MACHINERY ENGINEERING CORPORATION LTD\",\"isPartOf\":{\"@id\":\"http:\/\/www.camcjsw-testmachines.com\/#website\"},\"primaryImageOfPage\":{\"@id\":\"http:\/\/www.camcjsw-testmachines.com\/product\/high-strength-wide-plate-horizontal-electro-hydraulic-servo-tensile-testing-machine\/#primaryimage\"},\"image\":{\"@id\":\"http:\/\/www.camcjsw-testmachines.com\/product\/high-strength-wide-plate-horizontal-electro-hydraulic-servo-tensile-testing-machine\/#primaryimage\"},\"thumbnailUrl\":\"http:\/\/www.camcjsw-testmachines.com\/wp-content\/uploads\/2024\/07\/20190515171154.webp\",\"datePublished\":\"2024-06-21T06:08:56+00:00\",\"dateModified\":\"2024-08-12T07:48:09+00:00\",\"description\":\"High strength wide plate horizontal electro-hydraulic servo tensile testing machine - Mainly used for large size, high strength ship plate, the material such as pipeline welding strength test and wide plate tensile test,\",\"breadcrumb\":{\"@id\":\"http:\/\/www.camcjsw-testmachines.com\/product\/high-strength-wide-plate-horizontal-electro-hydraulic-servo-tensile-testing-machine\/#breadcrumb\"},\"inLanguage\":\"es\",\"potentialAction\":[{\"@type\":\"ReadAction\",\"target\":[\"http:\/\/www.camcjsw-testmachines.com\/product\/high-strength-wide-plate-horizontal-electro-hydraulic-servo-tensile-testing-machine\/\"]}]},{\"@type\":\"ImageObject\",\"inLanguage\":\"es\",\"@id\":\"http:\/\/www.camcjsw-testmachines.com\/product\/high-strength-wide-plate-horizontal-electro-hydraulic-servo-tensile-testing-machine\/#primaryimage\",\"url\":\"http:\/\/www.camcjsw-testmachines.com\/wp-content\/uploads\/2024\/07\/20190515171154.webp\",\"contentUrl\":\"http:\/\/www.camcjsw-testmachines.com\/wp-content\/uploads\/2024\/07\/20190515171154.webp\",\"width\":1022,\"height\":911},{\"@type\":\"BreadcrumbList\",\"@id\":\"http:\/\/www.camcjsw-testmachines.com\/product\/high-strength-wide-plate-horizontal-electro-hydraulic-servo-tensile-testing-machine\/#breadcrumb\",\"itemListElement\":[{\"@type\":\"ListItem\",\"position\":1,\"name\":\"Home\",\"item\":\"http:\/\/www.camcjsw-testmachines.com\/\"},{\"@type\":\"ListItem\",\"position\":2,\"name\":\"Products\",\"item\":\"http:\/\/www.camcjsw-testmachines.com\/shop__trashed\/\"},{\"@type\":\"ListItem\",\"position\":3,\"name\":\"Testing Rig\",\"item\":\"http:\/\/www.camcjsw-testmachines.com\/product-category\/testing-rig\/\"},{\"@type\":\"ListItem\",\"position\":4,\"name\":\"High strength wide plate horizontal electro-hydraulic servo tensile testing machine\"}]},{\"@type\":\"WebSite\",\"@id\":\"http:\/\/www.camcjsw-testmachines.com\/#website\",\"url\":\"http:\/\/www.camcjsw-testmachines.com\/\",\"name\":\"SinoTest Testing machine\",\"description\":\"\",\"publisher\":{\"@id\":\"http:\/\/www.camcjsw-testmachines.com\/#organization\"},\"potentialAction\":[{\"@type\":\"SearchAction\",\"target\":{\"@type\":\"EntryPoint\",\"urlTemplate\":\"http:\/\/www.camcjsw-testmachines.com\/?s={search_term_string}\"},\"query-input\":\"required name=search_term_string\"}],\"inLanguage\":\"es\"},{\"@type\":\"Organization\",\"@id\":\"http:\/\/www.camcjsw-testmachines.com\/#organization\",\"name\":\"JIANGSU WALLONG-HSIN MACHINERY ENGINEERING CORPORATION LTD.\",\"url\":\"http:\/\/www.camcjsw-testmachines.com\/\",\"logo\":{\"@type\":\"ImageObject\",\"inLanguage\":\"es\",\"@id\":\"http:\/\/www.camcjsw-testmachines.com\/#\/schema\/logo\/image\/\",\"url\":\"http:\/\/www.camcjsw-testmachines.com\/wp-content\/uploads\/2024\/07\/logo-scaled.webp\",\"contentUrl\":\"http:\/\/www.camcjsw-testmachines.com\/wp-content\/uploads\/2024\/07\/logo-scaled.webp\",\"width\":2560,\"height\":458,\"caption\":\"JIANGSU WALLONG-HSIN MACHINERY ENGINEERING CORPORATION LTD.\"},\"image\":{\"@id\":\"http:\/\/www.camcjsw-testmachines.com\/#\/schema\/logo\/image\/\"},\"sameAs\":[\"https:\/\/www.facebook.com\/sinotestcorporation\/\",\"https:\/\/x.com\/sinotestmachine\"]}]}<\/script>\r\n<!-- \/ Yoast SEO Premium plugin. -->","yoast_head_json":{"title":"High strength wide plate horizontal electro-hydraulic servo tensile testing machine - SINOTEST, a brand of JIANGSU WALLONG-HSIN MACHINERY ENGINEERING CORPORATION LTD","description":"High strength wide plate horizontal electro-hydraulic servo tensile testing machine - Mainly used for large size, high strength ship plate, the material such as pipeline welding strength test and wide plate tensile test,","robots":{"index":"index","follow":"follow","max-snippet":"max-snippet:-1","max-image-preview":"max-image-preview:large","max-video-preview":"max-video-preview:-1"},"canonical":"http:\/\/www.camcjsw-testmachines.com\/es\/producto\/high-strength-wide-plate-horizontal-electro-hydraulic-servo-tensile-testing-machine\/","og_locale":"es_ES","og_type":"article","og_title":"High strength wide plate horizontal electro-hydraulic servo tensile testing machine","og_description":"High strength wide plate horizontal electro-hydraulic servo tensile testing machine - Mainly used for large size, high strength ship plate, the material such as pipeline welding strength test and wide plate tensile test,","og_url":"http:\/\/www.camcjsw-testmachines.com\/es\/producto\/high-strength-wide-plate-horizontal-electro-hydraulic-servo-tensile-testing-machine\/","og_site_name":"SINOTEST, a brand of JIANGSU WALLONG-HSIN MACHINERY ENGINEERING CORPORATION LTD","article_publisher":"https:\/\/www.facebook.com\/sinotestcorporation\/","article_modified_time":"2024-08-12T07:48:09+00:00","og_image":[{"width":1022,"height":911,"url":"http:\/\/www.camcjsw-testmachines.com\/wp-content\/uploads\/2024\/07\/20190515171154.webp","type":"image\/webp"}],"twitter_card":"summary_large_image","twitter_site":"@sinotestmachine","twitter_misc":{"Tiempo de lectura":"3 minutos"},"schema":{"@context":"https:\/\/schema.org","@graph":[{"@type":"WebPage","@id":"http:\/\/www.camcjsw-testmachines.com\/product\/high-strength-wide-plate-horizontal-electro-hydraulic-servo-tensile-testing-machine\/","url":"http:\/\/www.camcjsw-testmachines.com\/product\/high-strength-wide-plate-horizontal-electro-hydraulic-servo-tensile-testing-machine\/","name":"High strength wide plate horizontal electro-hydraulic servo tensile testing machine - SINOTEST, a brand of JIANGSU WALLONG-HSIN MACHINERY ENGINEERING CORPORATION LTD","isPartOf":{"@id":"http:\/\/www.camcjsw-testmachines.com\/#website"},"primaryImageOfPage":{"@id":"http:\/\/www.camcjsw-testmachines.com\/product\/high-strength-wide-plate-horizontal-electro-hydraulic-servo-tensile-testing-machine\/#primaryimage"},"image":{"@id":"http:\/\/www.camcjsw-testmachines.com\/product\/high-strength-wide-plate-horizontal-electro-hydraulic-servo-tensile-testing-machine\/#primaryimage"},"thumbnailUrl":"http:\/\/www.camcjsw-testmachines.com\/wp-content\/uploads\/2024\/07\/20190515171154.webp","datePublished":"2024-06-21T06:08:56+00:00","dateModified":"2024-08-12T07:48:09+00:00","description":"High strength wide plate horizontal electro-hydraulic servo tensile testing machine - Mainly used for large size, high strength ship plate, the material such as pipeline welding strength test and wide plate tensile test,","breadcrumb":{"@id":"http:\/\/www.camcjsw-testmachines.com\/product\/high-strength-wide-plate-horizontal-electro-hydraulic-servo-tensile-testing-machine\/#breadcrumb"},"inLanguage":"es","potentialAction":[{"@type":"ReadAction","target":["http:\/\/www.camcjsw-testmachines.com\/product\/high-strength-wide-plate-horizontal-electro-hydraulic-servo-tensile-testing-machine\/"]}]},{"@type":"ImageObject","inLanguage":"es","@id":"http:\/\/www.camcjsw-testmachines.com\/product\/high-strength-wide-plate-horizontal-electro-hydraulic-servo-tensile-testing-machine\/#primaryimage","url":"http:\/\/www.camcjsw-testmachines.com\/wp-content\/uploads\/2024\/07\/20190515171154.webp","contentUrl":"http:\/\/www.camcjsw-testmachines.com\/wp-content\/uploads\/2024\/07\/20190515171154.webp","width":1022,"height":911},{"@type":"BreadcrumbList","@id":"http:\/\/www.camcjsw-testmachines.com\/product\/high-strength-wide-plate-horizontal-electro-hydraulic-servo-tensile-testing-machine\/#breadcrumb","itemListElement":[{"@type":"ListItem","position":1,"name":"Home","item":"http:\/\/www.camcjsw-testmachines.com\/"},{"@type":"ListItem","position":2,"name":"Products","item":"http:\/\/www.camcjsw-testmachines.com\/shop__trashed\/"},{"@type":"ListItem","position":3,"name":"Testing Rig","item":"http:\/\/www.camcjsw-testmachines.com\/product-category\/testing-rig\/"},{"@type":"ListItem","position":4,"name":"High strength wide plate horizontal electro-hydraulic servo tensile testing machine"}]},{"@type":"WebSite","@id":"http:\/\/www.camcjsw-testmachines.com\/#website","url":"http:\/\/www.camcjsw-testmachines.com\/","name":"SinoTest Testing machine","description":"","publisher":{"@id":"http:\/\/www.camcjsw-testmachines.com\/#organization"},"potentialAction":[{"@type":"SearchAction","target":{"@type":"EntryPoint","urlTemplate":"http:\/\/www.camcjsw-testmachines.com\/?s={search_term_string}"},"query-input":"required name=search_term_string"}],"inLanguage":"es"},{"@type":"Organization","@id":"http:\/\/www.camcjsw-testmachines.com\/#organization","name":"JIANGSU WALLONG-HSIN MACHINERY ENGINEERING CORPORATION LTD.","url":"http:\/\/www.camcjsw-testmachines.com\/","logo":{"@type":"ImageObject","inLanguage":"es","@id":"http:\/\/www.camcjsw-testmachines.com\/#\/schema\/logo\/image\/","url":"http:\/\/www.camcjsw-testmachines.com\/wp-content\/uploads\/2024\/07\/logo-scaled.webp","contentUrl":"http:\/\/www.camcjsw-testmachines.com\/wp-content\/uploads\/2024\/07\/logo-scaled.webp","width":2560,"height":458,"caption":"JIANGSU WALLONG-HSIN MACHINERY ENGINEERING CORPORATION LTD."},"image":{"@id":"http:\/\/www.camcjsw-testmachines.com\/#\/schema\/logo\/image\/"},"sameAs":["https:\/\/www.facebook.com\/sinotestcorporation\/","https:\/\/x.com\/sinotestmachine"]}]}},"uagb_featured_image_src":{"full":["http:\/\/www.camcjsw-testmachines.com\/wp-content\/uploads\/2024\/07\/20190515171154.webp",1022,911,false],"thumbnail":["http:\/\/www.camcjsw-testmachines.com\/wp-content\/uploads\/2024\/07\/20190515171154-150x150.webp",150,150,true],"medium":["http:\/\/www.camcjsw-testmachines.com\/wp-content\/uploads\/2024\/07\/20190515171154-300x267.webp",300,267,true],"medium_large":["http:\/\/www.camcjsw-testmachines.com\/wp-content\/uploads\/2024\/07\/20190515171154-768x685.webp",768,685,true],"large":["http:\/\/www.camcjsw-testmachines.com\/wp-content\/uploads\/2024\/07\/20190515171154.webp",1022,911,false],"1536x1536":["http:\/\/www.camcjsw-testmachines.com\/wp-content\/uploads\/2024\/07\/20190515171154.webp",1022,911,false],"2048x2048":["http:\/\/www.camcjsw-testmachines.com\/wp-content\/uploads\/2024\/07\/20190515171154.webp",1022,911,false],"trp-custom-language-flag":["http:\/\/www.camcjsw-testmachines.com\/wp-content\/uploads\/2024\/07\/20190515171154.webp",13,12,false],"woocommerce_thumbnail":["http:\/\/www.camcjsw-testmachines.com\/wp-content\/uploads\/2024\/07\/20190515171154-300x300.webp",300,300,true],"woocommerce_single":["http:\/\/www.camcjsw-testmachines.com\/wp-content\/uploads\/2024\/07\/20190515171154.webp",600,535,false],"woocommerce_gallery_thumbnail":["http:\/\/www.camcjsw-testmachines.com\/wp-content\/uploads\/2024\/07\/20190515171154-100x100.webp",100,100,true]},"uagb_author_info":{"display_name":"testmachines","author_link":"http:\/\/www.camcjsw-testmachines.com\/es\/author\/"},"uagb_comment_info":0,"uagb_excerpt":"Main applications: Mainly used for large size, high strength ship plate, the material such as pipeline welding strength test and wide plate tensile test, is to transmit, shipbuilding, Marine oil drilling platform, large span Bridges, high-rise building steel structure manufacturing industries such as large tensile test of choice for equipment, at the same time can&hellip;","_links":{"self":[{"href":"http:\/\/www.camcjsw-testmachines.com\/es\/wp-json\/wp\/v2\/product\/2707","targetHints":{"allow":["GET"]}}],"collection":[{"href":"http:\/\/www.camcjsw-testmachines.com\/es\/wp-json\/wp\/v2\/product"}],"about":[{"href":"http:\/\/www.camcjsw-testmachines.com\/es\/wp-json\/wp\/v2\/types\/product"}],"wp:featuredmedia":[{"embeddable":true,"href":"http:\/\/www.camcjsw-testmachines.com\/es\/wp-json\/wp\/v2\/media\/281"}],"wp:attachment":[{"href":"http:\/\/www.camcjsw-testmachines.com\/es\/wp-json\/wp\/v2\/media?parent=2707"}],"wp:term":[{"taxonomy":"product_cat","embeddable":true,"href":"http:\/\/www.camcjsw-testmachines.com\/es\/wp-json\/wp\/v2\/product_cat?post=2707"},{"taxonomy":"product_tag","embeddable":true,"href":"http:\/\/www.camcjsw-testmachines.com\/es\/wp-json\/wp\/v2\/product_tag?post=2707"}],"curies":[{"name":"wp","href":"https:\/\/api.w.org\/{rel}","templated":true}]}}