{"id":5643,"date":"2025-11-05T09:21:03","date_gmt":"2025-11-05T01:21:03","guid":{"rendered":"http:\/\/www.camcjsw-testmachines.com\/?page_id=5643"},"modified":"2026-01-05T10:19:56","modified_gmt":"2026-01-05T02:19:56","slug":"furnace-chamber-vacuum-heating-system","status":"publish","type":"page","link":"http:\/\/www.camcjsw-testmachines.com\/es\/furnace-chamber-vacuum-heating-system\/","title":{"rendered":"Furnace, chamber , vacuum heating system"},"content":{"rendered":"<div data-elementor-type=\"wp-page\" data-elementor-id=\"5643\" class=\"elementor elementor-5643\" data-elementor-post-type=\"page\">\n\t\t\t\t<div class=\"elementor-element elementor-element-67628947 e-flex e-con-boxed e-con e-parent\" data-id=\"67628947\" data-element_type=\"container\" data-settings=\"{&quot;background_background&quot;:&quot;classic&quot;}\">\n\t\t\t\t\t<div class=\"e-con-inner\">\n\t\t\t\t<div class=\"elementor-element elementor-element-74dcd2bc elementor-absolute elementor-widget elementor-widget-heading\" data-id=\"74dcd2bc\" data-element_type=\"widget\" data-settings=\"{&quot;_position&quot;:&quot;absolute&quot;}\" data-widget_type=\"heading.default\">\n\t\t\t\t<div class=\"elementor-widget-container\">\n\t\t\t<style>\/*! elementor - v3.22.0 - 26-06-2024 *\/\n.elementor-heading-title{padding:0;margin:0;line-height:1}.elementor-widget-heading .elementor-heading-title[class*=elementor-size-]>a{color:inherit;font-size:inherit;line-height:inherit}.elementor-widget-heading .elementor-heading-title.elementor-size-small{font-size:15px}.elementor-widget-heading .elementor-heading-title.elementor-size-medium{font-size:19px}.elementor-widget-heading .elementor-heading-title.elementor-size-large{font-size:29px}.elementor-widget-heading .elementor-heading-title.elementor-size-xl{font-size:39px}.elementor-widget-heading .elementor-heading-title.elementor-size-xxl{font-size:59px}<\/style><h2 class=\"elementor-heading-title elementor-size-default\">Horno, c\u00e1mara y sistema de calefacci\u00f3n por vac\u00edo<\/h2>\t\t<\/div>\n\t\t\t\t<\/div>\n\t\t\t\t\t<\/div>\n\t\t\t\t<\/div>\n\t\t<div class=\"elementor-element elementor-element-e451f0d e-flex e-con-boxed e-con e-parent\" data-id=\"e451f0d\" data-element_type=\"container\">\n\t\t\t\t\t<div class=\"e-con-inner\">\n\t\t\t\t<div class=\"elementor-element elementor-element-b39e86a elementor-widget elementor-widget-text-editor\" data-id=\"b39e86a\" data-element_type=\"widget\" data-widget_type=\"text-editor.default\">\n\t\t\t\t<div class=\"elementor-widget-container\">\n\t\t\t<style>\/*! elementor - v3.22.0 - 26-06-2024 *\/\n.elementor-widget-text-editor.elementor-drop-cap-view-stacked .elementor-drop-cap{background-color:#69727d;color:#fff}.elementor-widget-text-editor.elementor-drop-cap-view-framed .elementor-drop-cap{color:#69727d;border:3px solid;background-color:transparent}.elementor-widget-text-editor:not(.elementor-drop-cap-view-default) .elementor-drop-cap{margin-top:8px}.elementor-widget-text-editor:not(.elementor-drop-cap-view-default) .elementor-drop-cap-letter{width:1em;height:1em}.elementor-widget-text-editor .elementor-drop-cap{float:left;text-align:center;line-height:1;font-size:50px}.elementor-widget-text-editor .elementor-drop-cap-letter{display:inline-block}<\/style>\t\t\t\t<p><a href=\"https:\/\/www.camcjsw-testmachines.com\/es\/\">INICIO<\/a>&gt;&gt;<a href=\"https:\/\/www.camcjsw-testmachines.com\/es\/accessories\/\">Accesorios<\/a>&gt;&gt;Horno, c\u00e1mara y sistema de calefacci\u00f3n por vac\u00edo<\/p>\t\t\t\t\t\t<\/div>\n\t\t\t\t<\/div>\n\t\t\t\t\t<\/div>\n\t\t\t\t<\/div>\n\t\t<div class=\"elementor-element elementor-element-102844de e-flex e-con-boxed e-con e-parent\" data-id=\"102844de\" data-element_type=\"container\" data-settings=\"{&quot;background_background&quot;:&quot;classic&quot;}\">\n\t\t\t\t\t<div class=\"e-con-inner\">\n\t\t<div class=\"elementor-element elementor-element-35c62359 e-con-full e-flex e-con e-child\" data-id=\"35c62359\" data-element_type=\"container\">\n\t\t\t\t<div class=\"elementor-element elementor-element-679f265b elementor-widget elementor-widget-image\" data-id=\"679f265b\" data-element_type=\"widget\" data-widget_type=\"image.default\">\n\t\t\t\t<div class=\"elementor-widget-container\">\n\t\t\t<style>\/*! elementor - v3.22.0 - 26-06-2024 *\/\n.elementor-widget-image{text-align:center}.elementor-widget-image a{display:inline-block}.elementor-widget-image a img[src$=\".svg\"]{width:48px}.elementor-widget-image img{vertical-align:middle;display:inline-block}<\/style>\t\t\t\t\t\t\t\t\t\t<img fetchpriority=\"high\" decoding=\"async\" width=\"553\" height=\"436\" src=\"http:\/\/www.camcjsw-testmachines.com\/wp-content\/uploads\/2025\/11\/\u771f\u7a7a\u7089\u4e3b\u56fe2.webp\" class=\"attachment-large size-large wp-image-5642\" alt=\"SINOTEST vacuum furnace chamber for high-temperature tensile testing\" srcset=\"http:\/\/www.camcjsw-testmachines.com\/wp-content\/uploads\/2025\/11\/\u771f\u7a7a\u7089\u4e3b\u56fe2.webp 553w, http:\/\/www.camcjsw-testmachines.com\/wp-content\/uploads\/2025\/11\/\u771f\u7a7a\u7089\u4e3b\u56fe2-300x237.webp 300w, http:\/\/www.camcjsw-testmachines.com\/wp-content\/uploads\/2025\/11\/\u771f\u7a7a\u7089\u4e3b\u56fe2-15x12.webp 15w\" sizes=\"(max-width: 553px) 100vw, 553px\" \/>\t\t\t\t\t\t\t\t\t\t\t\t\t<\/div>\n\t\t\t\t<\/div>\n\t\t\t\t<div class=\"elementor-element elementor-element-122f860b elementor-widget elementor-widget-heading\" data-id=\"122f860b\" data-element_type=\"widget\" data-widget_type=\"heading.default\">\n\t\t\t\t<div class=\"elementor-widget-container\">\n\t\t\t<h2 class=\"elementor-heading-title elementor-size-default\">Furnace, chamber , vacuum heating system<\/h2>\t\t<\/div>\n\t\t\t\t<\/div>\n\t\t\t\t<div class=\"elementor-element elementor-element-678af92b elementor-align-center elementor-widget elementor-widget-button\" data-id=\"678af92b\" data-element_type=\"widget\" data-widget_type=\"button.default\">\n\t\t\t\t<div class=\"elementor-widget-container\">\n\t\t\t\t\t<div class=\"elementor-button-wrapper\">\n\t\t\t<a class=\"elementor-button elementor-button-link elementor-size-sm\" href=\"https:\/\/www.camcjsw-testmachines.com\/es\/furnace-chamber-vacuum\/\">\n\t\t\t\t\t\t<span class=\"elementor-button-content-wrapper\">\n\t\t\t\t\t\t\t\t\t<span class=\"elementor-button-text\">SABER M\u00c1S<\/span>\n\t\t\t\t\t<\/span>\n\t\t\t\t\t<\/a>\n\t\t<\/div>\n\t\t\t\t<\/div>\n\t\t\t\t<\/div>\n\t\t\t\t<\/div>\n\t\t<div class=\"elementor-element elementor-element-a5a874f e-con-full e-flex e-con e-child\" data-id=\"a5a874f\" data-element_type=\"container\">\n\t\t\t\t<div class=\"elementor-element elementor-element-744cea88 elementor-widget elementor-widget-image\" data-id=\"744cea88\" data-element_type=\"widget\" data-widget_type=\"image.default\">\n\t\t\t\t<div class=\"elementor-widget-container\">\n\t\t\t\t\t\t\t\t\t\t\t\t\t<img decoding=\"async\" width=\"725\" height=\"450\" src=\"http:\/\/www.camcjsw-testmachines.com\/wp-content\/uploads\/2025\/12\/Fire-Resistance-Test-Furnace-f.webp\" class=\"attachment-large size-large wp-image-6737\" alt=\"\" srcset=\"http:\/\/www.camcjsw-testmachines.com\/wp-content\/uploads\/2025\/12\/Fire-Resistance-Test-Furnace-f.webp 725w, http:\/\/www.camcjsw-testmachines.com\/wp-content\/uploads\/2025\/12\/Fire-Resistance-Test-Furnace-f-300x186.webp 300w, http:\/\/www.camcjsw-testmachines.com\/wp-content\/uploads\/2025\/12\/Fire-Resistance-Test-Furnace-f-18x12.webp 18w, http:\/\/www.camcjsw-testmachines.com\/wp-content\/uploads\/2025\/12\/Fire-Resistance-Test-Furnace-f-600x372.webp 600w\" sizes=\"(max-width: 725px) 100vw, 725px\" \/>\t\t\t\t\t\t\t\t\t\t\t\t\t<\/div>\n\t\t\t\t<\/div>\n\t\t\t\t<div class=\"elementor-element elementor-element-19061d88 elementor-widget elementor-widget-heading\" data-id=\"19061d88\" data-element_type=\"widget\" data-widget_type=\"heading.default\">\n\t\t\t\t<div class=\"elementor-widget-container\">\n\t\t\t<h2 class=\"elementor-heading-title elementor-size-default\">Fire Resistance Test Furnace<\/h2>\t\t<\/div>\n\t\t\t\t<\/div>\n\t\t\t\t<div class=\"elementor-element elementor-element-2595ff6c elementor-align-center elementor-widget elementor-widget-button\" data-id=\"2595ff6c\" data-element_type=\"widget\" data-widget_type=\"button.default\">\n\t\t\t\t<div class=\"elementor-widget-container\">\n\t\t\t\t\t<div class=\"elementor-button-wrapper\">\n\t\t\t<a class=\"elementor-button elementor-button-link elementor-size-sm\" href=\"https:\/\/www.camcjsw-testmachines.com\/es\/fire-resistance-test-furnace-2\/\">\n\t\t\t\t\t\t<span class=\"elementor-button-content-wrapper\">\n\t\t\t\t\t\t\t\t\t<span class=\"elementor-button-text\">SABER M\u00c1S<\/span>\n\t\t\t\t\t<\/span>\n\t\t\t\t\t<\/a>\n\t\t<\/div>\n\t\t\t\t<\/div>\n\t\t\t\t<\/div>\n\t\t\t\t<\/div>\n\t\t<div class=\"elementor-element elementor-element-ab0bdab e-con-full e-flex e-con e-child\" data-id=\"ab0bdab\" data-element_type=\"container\">\n\t\t\t\t<div class=\"elementor-element elementor-element-b5adbba elementor-widget elementor-widget-image\" data-id=\"b5adbba\" data-element_type=\"widget\" data-widget_type=\"image.default\">\n\t\t\t\t<div class=\"elementor-widget-container\">\n\t\t\t\t\t\t\t\t\t\t\t\t\t<img decoding=\"async\" width=\"600\" height=\"450\" src=\"http:\/\/www.camcjsw-testmachines.com\/wp-content\/uploads\/2026\/01\/543AD30BBDAC2E151FBA5B187B2CC0E1.webp\" class=\"attachment-large size-large wp-image-6858\" alt=\"\" srcset=\"http:\/\/www.camcjsw-testmachines.com\/wp-content\/uploads\/2026\/01\/543AD30BBDAC2E151FBA5B187B2CC0E1.webp 600w, http:\/\/www.camcjsw-testmachines.com\/wp-content\/uploads\/2026\/01\/543AD30BBDAC2E151FBA5B187B2CC0E1-300x225.webp 300w, http:\/\/www.camcjsw-testmachines.com\/wp-content\/uploads\/2026\/01\/543AD30BBDAC2E151FBA5B187B2CC0E1-16x12.webp 16w\" sizes=\"(max-width: 600px) 100vw, 600px\" \/>\t\t\t\t\t\t\t\t\t\t\t\t\t<\/div>\n\t\t\t\t<\/div>\n\t\t\t\t<div class=\"elementor-element elementor-element-d389d79 elementor-widget elementor-widget-heading\" data-id=\"d389d79\" data-element_type=\"widget\" data-widget_type=\"heading.default\">\n\t\t\t\t<div class=\"elementor-widget-container\">\n\t\t\t<h2 class=\"elementor-heading-title elementor-size-default\">Pharmaceutical Stability Test Chamber<\/h2>\t\t<\/div>\n\t\t\t\t<\/div>\n\t\t\t\t<div class=\"elementor-element elementor-element-9e077f8 elementor-align-center elementor-widget elementor-widget-button\" data-id=\"9e077f8\" data-element_type=\"widget\" data-widget_type=\"button.default\">\n\t\t\t\t<div class=\"elementor-widget-container\">\n\t\t\t\t\t<div class=\"elementor-button-wrapper\">\n\t\t\t<a class=\"elementor-button elementor-button-link elementor-size-sm\" href=\"https:\/\/www.camcjsw-testmachines.com\/es\/pharmaceutical-stability-test-chamber\/\">\n\t\t\t\t\t\t<span class=\"elementor-button-content-wrapper\">\n\t\t\t\t\t\t\t\t\t<span class=\"elementor-button-text\">SABER M\u00c1S<\/span>\n\t\t\t\t\t<\/span>\n\t\t\t\t\t<\/a>\n\t\t<\/div>\n\t\t\t\t<\/div>\n\t\t\t\t<\/div>\n\t\t\t\t<\/div>\n\t\t\t\t\t<\/div>\n\t\t\t\t<\/div>\n\t\t\t\t<\/div>","protected":false},"excerpt":{"rendered":"<p>Furnace, chamber &#038; vacuum heating system Home&gt;&gt;Accessories&gt;&gt;Furnace, chamber &amp; vacuum heating system Furnace, chamber , vacuum heating system LEARN MORE Fire Resistance Test Furnace LEARN MORE Pharmaceutical Stability Test Chamber LEARN MORE<\/p>","protected":false},"author":1,"featured_media":0,"parent":0,"menu_order":0,"comment_status":"closed","ping_status":"closed","template":"","meta":{"_uag_custom_page_level_css":"","site-sidebar-layout":"no-sidebar","site-content-layout":"page-builder","ast-site-content-layout":"full-width-container","site-content-style":"default","site-sidebar-style":"default","ast-global-header-display":"","ast-banner-title-visibility":"","ast-main-header-display":"","ast-hfb-above-header-display":"","ast-hfb-below-header-display":"","ast-hfb-mobile-header-display":"","site-post-title":"disabled","ast-breadcrumbs-content":"","ast-featured-img":"disabled","footer-sml-layout":"","theme-transparent-header-meta":"","adv-header-id-meta":"","stick-header-meta":"","header-above-stick-meta":"","header-main-stick-meta":"","header-below-stick-meta":"","astra-migrate-meta-layouts":"set","ast-page-background-enabled":"default","ast-page-background-meta":{"desktop":{"background-color":"","background-image":"","background-repeat":"repeat","background-position":"center center","background-size":"auto","background-attachment":"scroll","background-type":"","background-media":"","overlay-type":"","overlay-color":"","overlay-opacity":"","overlay-gradient":""},"tablet":{"background-color":"","background-image":"","background-repeat":"repeat","background-position":"center center","background-size":"auto","background-attachment":"scroll","background-type":"","background-media":"","overlay-type":"","overlay-color":"","overlay-opacity":"","overlay-gradient":""},"mobile":{"background-color":"","background-image":"","background-repeat":"repeat","background-position":"center center","background-size":"auto","background-attachment":"scroll","background-type":"","background-media":"","overlay-type":"","overlay-color":"","overlay-opacity":"","overlay-gradient":""}},"ast-content-background-meta":{"desktop":{"background-color":"var(--ast-global-color-5)","background-image":"","background-repeat":"repeat","background-position":"center center","background-size":"auto","background-attachment":"scroll","background-type":"","background-media":"","overlay-type":"","overlay-color":"","overlay-opacity":"","overlay-gradient":""},"tablet":{"background-color":"var(--ast-global-color-5)","background-image":"","background-repeat":"repeat","background-position":"center center","background-size":"auto","background-attachment":"scroll","background-type":"","background-media":"","overlay-type":"","overlay-color":"","overlay-opacity":"","overlay-gradient":""},"mobile":{"background-color":"var(--ast-global-color-5)","background-image":"","background-repeat":"repeat","background-position":"center center","background-size":"auto","background-attachment":"scroll","background-type":"","background-media":"","overlay-type":"","overlay-color":"","overlay-opacity":"","overlay-gradient":""}},"footnotes":""},"class_list":["post-5643","page","type-page","status-publish","hentry"],"yoast_head":"<!-- This site is optimized with the Yoast SEO Premium plugin v22.5 (Yoast SEO v22.9) - https:\/\/yoast.com\/wordpress\/plugins\/seo\/ -->\r\n<title>Furnace, chamber , vacuum heating system - SINOTEST, a brand of JIANGSU WALLONG-HSIN MACHINERY ENGINEERING CORPORATION LTD<\/title>\r\n<meta name=\"robots\" content=\"index, follow, max-snippet:-1, max-image-preview:large, max-video-preview:-1\" \/>\r\n<link rel=\"canonical\" href=\"http:\/\/www.camcjsw-testmachines.com\/es\/furnace-chamber-vacuum-heating-system\/\" \/>\r\n<meta property=\"og:locale\" content=\"es_ES\" \/>\r\n<meta property=\"og:type\" content=\"article\" \/>\r\n<meta property=\"og:title\" content=\"Furnace, chamber , vacuum heating system\" \/>\r\n<meta property=\"og:description\" content=\"Furnace, chamber &#038; vacuum heating system Home&gt;&gt;Accessories&gt;&gt;Furnace, chamber &amp; vacuum heating system Furnace, chamber , vacuum heating system LEARN MORE Fire Resistance Test Furnace LEARN MORE Pharmaceutical Stability Test Chamber LEARN MORE\" \/>\r\n<meta property=\"og:url\" content=\"http:\/\/www.camcjsw-testmachines.com\/es\/furnace-chamber-vacuum-heating-system\/\" \/>\r\n<meta property=\"og:site_name\" content=\"SINOTEST, a brand of JIANGSU WALLONG-HSIN MACHINERY ENGINEERING CORPORATION LTD\" \/>\r\n<meta property=\"article:publisher\" content=\"https:\/\/www.facebook.com\/sinotestcorporation\/\" \/>\r\n<meta property=\"article:modified_time\" content=\"2026-01-05T02:19:56+00:00\" \/>\r\n<meta property=\"og:image\" content=\"http:\/\/www.camcjsw-testmachines.com\/wp-content\/uploads\/2025\/12\/Fire-Resistance-Test-Furnace-f.webp\" \/>\r\n<meta name=\"twitter:card\" content=\"summary_large_image\" \/>\r\n<meta name=\"twitter:site\" content=\"@sinotestmachine\" \/>\r\n<meta name=\"twitter:label1\" content=\"Tiempo de lectura\" \/>\n\t<meta name=\"twitter:data1\" content=\"1 minuto\" \/>\r\n<script type=\"application\/ld+json\" class=\"yoast-schema-graph\">{\"@context\":\"https:\/\/schema.org\",\"@graph\":[{\"@type\":\"WebPage\",\"@id\":\"http:\/\/www.camcjsw-testmachines.com\/furnace-chamber-vacuum-heating-system\/\",\"url\":\"http:\/\/www.camcjsw-testmachines.com\/furnace-chamber-vacuum-heating-system\/\",\"name\":\"Furnace, chamber , vacuum heating system - SINOTEST, a brand of JIANGSU WALLONG-HSIN MACHINERY ENGINEERING CORPORATION LTD\",\"isPartOf\":{\"@id\":\"http:\/\/www.camcjsw-testmachines.com\/#website\"},\"primaryImageOfPage\":{\"@id\":\"http:\/\/www.camcjsw-testmachines.com\/furnace-chamber-vacuum-heating-system\/#primaryimage\"},\"image\":{\"@id\":\"http:\/\/www.camcjsw-testmachines.com\/furnace-chamber-vacuum-heating-system\/#primaryimage\"},\"thumbnailUrl\":\"http:\/\/www.camcjsw-testmachines.com\/wp-content\/uploads\/2025\/12\/Fire-Resistance-Test-Furnace-f.webp\",\"datePublished\":\"2025-11-05T01:21:03+00:00\",\"dateModified\":\"2026-01-05T02:19:56+00:00\",\"breadcrumb\":{\"@id\":\"http:\/\/www.camcjsw-testmachines.com\/furnace-chamber-vacuum-heating-system\/#breadcrumb\"},\"inLanguage\":\"es\",\"potentialAction\":[{\"@type\":\"ReadAction\",\"target\":[\"http:\/\/www.camcjsw-testmachines.com\/furnace-chamber-vacuum-heating-system\/\"]}]},{\"@type\":\"ImageObject\",\"inLanguage\":\"es\",\"@id\":\"http:\/\/www.camcjsw-testmachines.com\/furnace-chamber-vacuum-heating-system\/#primaryimage\",\"url\":\"http:\/\/www.camcjsw-testmachines.com\/wp-content\/uploads\/2025\/12\/Fire-Resistance-Test-Furnace-f.webp\",\"contentUrl\":\"http:\/\/www.camcjsw-testmachines.com\/wp-content\/uploads\/2025\/12\/Fire-Resistance-Test-Furnace-f.webp\"},{\"@type\":\"BreadcrumbList\",\"@id\":\"http:\/\/www.camcjsw-testmachines.com\/furnace-chamber-vacuum-heating-system\/#breadcrumb\",\"itemListElement\":[{\"@type\":\"ListItem\",\"position\":1,\"name\":\"Home\",\"item\":\"http:\/\/www.camcjsw-testmachines.com\/\"},{\"@type\":\"ListItem\",\"position\":2,\"name\":\"Furnace, chamber , vacuum heating system\"}]},{\"@type\":\"WebSite\",\"@id\":\"http:\/\/www.camcjsw-testmachines.com\/#website\",\"url\":\"http:\/\/www.camcjsw-testmachines.com\/\",\"name\":\"SinoTest Testing machine\",\"description\":\"\",\"publisher\":{\"@id\":\"http:\/\/www.camcjsw-testmachines.com\/#organization\"},\"potentialAction\":[{\"@type\":\"SearchAction\",\"target\":{\"@type\":\"EntryPoint\",\"urlTemplate\":\"http:\/\/www.camcjsw-testmachines.com\/?s={search_term_string}\"},\"query-input\":\"required name=search_term_string\"}],\"inLanguage\":\"es\"},{\"@type\":\"Organization\",\"@id\":\"http:\/\/www.camcjsw-testmachines.com\/#organization\",\"name\":\"JIANGSU WALLONG-HSIN MACHINERY ENGINEERING CORPORATION LTD.\",\"url\":\"http:\/\/www.camcjsw-testmachines.com\/\",\"logo\":{\"@type\":\"ImageObject\",\"inLanguage\":\"es\",\"@id\":\"http:\/\/www.camcjsw-testmachines.com\/#\/schema\/logo\/image\/\",\"url\":\"http:\/\/www.camcjsw-testmachines.com\/wp-content\/uploads\/2024\/07\/logo-scaled.webp\",\"contentUrl\":\"http:\/\/www.camcjsw-testmachines.com\/wp-content\/uploads\/2024\/07\/logo-scaled.webp\",\"width\":2560,\"height\":458,\"caption\":\"JIANGSU WALLONG-HSIN MACHINERY ENGINEERING CORPORATION LTD.\"},\"image\":{\"@id\":\"http:\/\/www.camcjsw-testmachines.com\/#\/schema\/logo\/image\/\"},\"sameAs\":[\"https:\/\/www.facebook.com\/sinotestcorporation\/\",\"https:\/\/x.com\/sinotestmachine\"]}]}<\/script>\r\n<!-- \/ Yoast SEO Premium plugin. -->","yoast_head_json":{"title":"Furnace, chamber , vacuum heating system - SINOTEST, a brand of JIANGSU WALLONG-HSIN MACHINERY ENGINEERING CORPORATION LTD","robots":{"index":"index","follow":"follow","max-snippet":"max-snippet:-1","max-image-preview":"max-image-preview:large","max-video-preview":"max-video-preview:-1"},"canonical":"http:\/\/www.camcjsw-testmachines.com\/es\/furnace-chamber-vacuum-heating-system\/","og_locale":"es_ES","og_type":"article","og_title":"Furnace, chamber , vacuum heating system","og_description":"Furnace, chamber &#038; vacuum heating system Home&gt;&gt;Accessories&gt;&gt;Furnace, chamber &amp; vacuum heating system Furnace, chamber , vacuum heating system LEARN MORE Fire Resistance Test Furnace LEARN MORE Pharmaceutical Stability Test Chamber LEARN MORE","og_url":"http:\/\/www.camcjsw-testmachines.com\/es\/furnace-chamber-vacuum-heating-system\/","og_site_name":"SINOTEST, a brand of JIANGSU WALLONG-HSIN MACHINERY ENGINEERING CORPORATION LTD","article_publisher":"https:\/\/www.facebook.com\/sinotestcorporation\/","article_modified_time":"2026-01-05T02:19:56+00:00","og_image":[{"url":"http:\/\/www.camcjsw-testmachines.com\/wp-content\/uploads\/2025\/12\/Fire-Resistance-Test-Furnace-f.webp"}],"twitter_card":"summary_large_image","twitter_site":"@sinotestmachine","twitter_misc":{"Tiempo de lectura":"1 minuto"},"schema":{"@context":"https:\/\/schema.org","@graph":[{"@type":"WebPage","@id":"http:\/\/www.camcjsw-testmachines.com\/furnace-chamber-vacuum-heating-system\/","url":"http:\/\/www.camcjsw-testmachines.com\/furnace-chamber-vacuum-heating-system\/","name":"Furnace, chamber , vacuum heating system - SINOTEST, a brand of JIANGSU WALLONG-HSIN MACHINERY ENGINEERING CORPORATION LTD","isPartOf":{"@id":"http:\/\/www.camcjsw-testmachines.com\/#website"},"primaryImageOfPage":{"@id":"http:\/\/www.camcjsw-testmachines.com\/furnace-chamber-vacuum-heating-system\/#primaryimage"},"image":{"@id":"http:\/\/www.camcjsw-testmachines.com\/furnace-chamber-vacuum-heating-system\/#primaryimage"},"thumbnailUrl":"http:\/\/www.camcjsw-testmachines.com\/wp-content\/uploads\/2025\/12\/Fire-Resistance-Test-Furnace-f.webp","datePublished":"2025-11-05T01:21:03+00:00","dateModified":"2026-01-05T02:19:56+00:00","breadcrumb":{"@id":"http:\/\/www.camcjsw-testmachines.com\/furnace-chamber-vacuum-heating-system\/#breadcrumb"},"inLanguage":"es","potentialAction":[{"@type":"ReadAction","target":["http:\/\/www.camcjsw-testmachines.com\/furnace-chamber-vacuum-heating-system\/"]}]},{"@type":"ImageObject","inLanguage":"es","@id":"http:\/\/www.camcjsw-testmachines.com\/furnace-chamber-vacuum-heating-system\/#primaryimage","url":"http:\/\/www.camcjsw-testmachines.com\/wp-content\/uploads\/2025\/12\/Fire-Resistance-Test-Furnace-f.webp","contentUrl":"http:\/\/www.camcjsw-testmachines.com\/wp-content\/uploads\/2025\/12\/Fire-Resistance-Test-Furnace-f.webp"},{"@type":"BreadcrumbList","@id":"http:\/\/www.camcjsw-testmachines.com\/furnace-chamber-vacuum-heating-system\/#breadcrumb","itemListElement":[{"@type":"ListItem","position":1,"name":"Home","item":"http:\/\/www.camcjsw-testmachines.com\/"},{"@type":"ListItem","position":2,"name":"Furnace, chamber , vacuum heating system"}]},{"@type":"WebSite","@id":"http:\/\/www.camcjsw-testmachines.com\/#website","url":"http:\/\/www.camcjsw-testmachines.com\/","name":"SinoTest Testing machine","description":"","publisher":{"@id":"http:\/\/www.camcjsw-testmachines.com\/#organization"},"potentialAction":[{"@type":"SearchAction","target":{"@type":"EntryPoint","urlTemplate":"http:\/\/www.camcjsw-testmachines.com\/?s={search_term_string}"},"query-input":"required name=search_term_string"}],"inLanguage":"es"},{"@type":"Organization","@id":"http:\/\/www.camcjsw-testmachines.com\/#organization","name":"JIANGSU WALLONG-HSIN MACHINERY ENGINEERING CORPORATION LTD.","url":"http:\/\/www.camcjsw-testmachines.com\/","logo":{"@type":"ImageObject","inLanguage":"es","@id":"http:\/\/www.camcjsw-testmachines.com\/#\/schema\/logo\/image\/","url":"http:\/\/www.camcjsw-testmachines.com\/wp-content\/uploads\/2024\/07\/logo-scaled.webp","contentUrl":"http:\/\/www.camcjsw-testmachines.com\/wp-content\/uploads\/2024\/07\/logo-scaled.webp","width":2560,"height":458,"caption":"JIANGSU WALLONG-HSIN MACHINERY ENGINEERING CORPORATION LTD."},"image":{"@id":"http:\/\/www.camcjsw-testmachines.com\/#\/schema\/logo\/image\/"},"sameAs":["https:\/\/www.facebook.com\/sinotestcorporation\/","https:\/\/x.com\/sinotestmachine"]}]}},"uagb_featured_image_src":{"full":false,"thumbnail":false,"medium":false,"medium_large":false,"large":false,"1536x1536":false,"2048x2048":false,"trp-custom-language-flag":false,"woocommerce_thumbnail":false,"woocommerce_single":false,"woocommerce_gallery_thumbnail":false},"uagb_author_info":{"display_name":"testmachines","author_link":"http:\/\/www.camcjsw-testmachines.com\/es\/author\/testmachines\/"},"uagb_comment_info":0,"uagb_excerpt":"Furnace, chamber &#038; vacuum heating system Home&gt;&gt;Accessories&gt;&gt;Furnace, chamber &amp; vacuum heating system Furnace, chamber , vacuum heating system LEARN MORE Fire Resistance Test Furnace LEARN MORE Pharmaceutical Stability Test Chamber LEARN MORE","_links":{"self":[{"href":"http:\/\/www.camcjsw-testmachines.com\/es\/wp-json\/wp\/v2\/pages\/5643","targetHints":{"allow":["GET"]}}],"collection":[{"href":"http:\/\/www.camcjsw-testmachines.com\/es\/wp-json\/wp\/v2\/pages"}],"about":[{"href":"http:\/\/www.camcjsw-testmachines.com\/es\/wp-json\/wp\/v2\/types\/page"}],"author":[{"embeddable":true,"href":"http:\/\/www.camcjsw-testmachines.com\/es\/wp-json\/wp\/v2\/users\/1"}],"replies":[{"embeddable":true,"href":"http:\/\/www.camcjsw-testmachines.com\/es\/wp-json\/wp\/v2\/comments?post=5643"}],"version-history":[{"count":0,"href":"http:\/\/www.camcjsw-testmachines.com\/es\/wp-json\/wp\/v2\/pages\/5643\/revisions"}],"wp:attachment":[{"href":"http:\/\/www.camcjsw-testmachines.com\/es\/wp-json\/wp\/v2\/media?parent=5643"}],"curies":[{"name":"wp","href":"https:\/\/api.w.org\/{rel}","templated":true}]}}