{"id":4717,"date":"2025-09-23T11:58:37","date_gmt":"2025-09-23T03:58:37","guid":{"rendered":"http:\/\/www.camcjsw-testmachines.com\/?page_id=4717"},"modified":"2025-11-11T11:48:02","modified_gmt":"2025-11-11T03:48:02","slug":"straightening-machine-amp-balancing-machine","status":"publish","type":"page","link":"http:\/\/www.camcjsw-testmachines.com\/es\/straightening-machine-amp-balancing-machine\/","title":{"rendered":"Enderezadora y equilibradora"},"content":{"rendered":"<div data-elementor-type=\"wp-page\" data-elementor-id=\"4717\" class=\"elementor elementor-4717\" data-elementor-post-type=\"page\">\n\t\t\t\t<div class=\"elementor-element elementor-element-171bed4d e-flex e-con-boxed e-con e-parent\" data-id=\"171bed4d\" data-element_type=\"container\" data-settings=\"{&quot;background_background&quot;:&quot;classic&quot;}\">\n\t\t\t\t\t<div class=\"e-con-inner\">\n\t\t\t\t<div class=\"elementor-element elementor-element-1f3b8597 elementor-absolute elementor-widget elementor-widget-heading\" data-id=\"1f3b8597\" data-element_type=\"widget\" data-settings=\"{&quot;_position&quot;:&quot;absolute&quot;}\" data-widget_type=\"heading.default\">\n\t\t\t\t<div class=\"elementor-widget-container\">\n\t\t\t<style>\/*! elementor - v3.22.0 - 26-06-2024 *\/\n.elementor-heading-title{padding:0;margin:0;line-height:1}.elementor-widget-heading .elementor-heading-title[class*=elementor-size-]>a{color:inherit;font-size:inherit;line-height:inherit}.elementor-widget-heading .elementor-heading-title.elementor-size-small{font-size:15px}.elementor-widget-heading .elementor-heading-title.elementor-size-medium{font-size:19px}.elementor-widget-heading .elementor-heading-title.elementor-size-large{font-size:29px}.elementor-widget-heading .elementor-heading-title.elementor-size-xl{font-size:39px}.elementor-widget-heading .elementor-heading-title.elementor-size-xxl{font-size:59px}<\/style><h2 class=\"elementor-heading-title elementor-size-default\">Enderezadora y equilibradora <\/h2>\t\t<\/div>\n\t\t\t\t<\/div>\n\t\t\t\t\t<\/div>\n\t\t\t\t<\/div>\n\t\t<div class=\"elementor-element elementor-element-bba8fc0 e-flex e-con-boxed e-con e-parent\" data-id=\"bba8fc0\" data-element_type=\"container\">\n\t\t\t\t\t<div class=\"e-con-inner\">\n\t\t\t\t<div class=\"elementor-element elementor-element-1f63b25 elementor-align-right elementor-widget elementor-widget-breadcrumbs\" data-id=\"1f63b25\" data-element_type=\"widget\" data-widget_type=\"breadcrumbs.default\">\n\t\t\t\t<div class=\"elementor-widget-container\">\n\t\t\t<link rel=\"stylesheet\" href=\"http:\/\/www.camcjsw-testmachines.com\/wp-content\/plugins\/elementor-pro\/assets\/css\/widget-theme-elements.min.css\"><p id=\"breadcrumbs\"><span><span><a href=\"http:\/\/www.camcjsw-testmachines.com\/es\/\">INICIO<\/a><\/span><\/span><\/p>\t\t<\/div>\n\t\t\t\t<\/div>\n\t\t\t\t\t<\/div>\n\t\t\t\t<\/div>\n\t\t<div class=\"elementor-element elementor-element-26cbbf15 e-flex e-con-boxed e-con e-parent\" data-id=\"26cbbf15\" data-element_type=\"container\" data-settings=\"{&quot;background_background&quot;:&quot;classic&quot;}\">\n\t\t\t\t\t<div class=\"e-con-inner\">\n\t\t<div class=\"elementor-element elementor-element-37af212 e-con-full e-flex e-con e-child\" data-id=\"37af212\" data-element_type=\"container\">\n\t\t\t\t<div class=\"elementor-element elementor-element-1a34ccab elementor-widget elementor-widget-image\" data-id=\"1a34ccab\" data-element_type=\"widget\" data-widget_type=\"image.default\">\n\t\t\t\t<div class=\"elementor-widget-container\">\n\t\t\t<style>\/*! elementor - v3.22.0 - 26-06-2024 *\/\n.elementor-widget-image{text-align:center}.elementor-widget-image a{display:inline-block}.elementor-widget-image a img[src$=\".svg\"]{width:48px}.elementor-widget-image img{vertical-align:middle;display:inline-block}<\/style>\t\t\t\t\t\t\t\t\t\t<img fetchpriority=\"high\" decoding=\"async\" width=\"1024\" height=\"768\" src=\"http:\/\/www.camcjsw-testmachines.com\/wp-content\/uploads\/2024\/07\/Straightening1-1024x768.webp\" class=\"attachment-large size-large wp-image-539\" alt=\"\" srcset=\"http:\/\/www.camcjsw-testmachines.com\/wp-content\/uploads\/2024\/07\/Straightening1-1024x768.webp 1024w, http:\/\/www.camcjsw-testmachines.com\/wp-content\/uploads\/2024\/07\/Straightening1-600x450.webp 600w, http:\/\/www.camcjsw-testmachines.com\/wp-content\/uploads\/2024\/07\/Straightening1-300x225.webp 300w, http:\/\/www.camcjsw-testmachines.com\/wp-content\/uploads\/2024\/07\/Straightening1-768x576.webp 768w, http:\/\/www.camcjsw-testmachines.com\/wp-content\/uploads\/2024\/07\/Straightening1-1536x1152.webp 1536w, http:\/\/www.camcjsw-testmachines.com\/wp-content\/uploads\/2024\/07\/Straightening1.webp 1920w\" sizes=\"(max-width: 1024px) 100vw, 1024px\" \/>\t\t\t\t\t\t\t\t\t\t\t\t\t<\/div>\n\t\t\t\t<\/div>\n\t\t\t\t<div class=\"elementor-element elementor-element-3d08d111 elementor-widget elementor-widget-heading\" data-id=\"3d08d111\" data-element_type=\"widget\" data-widget_type=\"heading.default\">\n\t\t\t\t<div class=\"elementor-widget-container\">\n\t\t\t<h2 class=\"elementor-heading-title elementor-size-default\">M\u00e1quina de Enderezado<\/h2>\t\t<\/div>\n\t\t\t\t<\/div>\n\t\t\t\t<div class=\"elementor-element elementor-element-5c0be91 elementor-widget elementor-widget-text-editor\" data-id=\"5c0be91\" data-element_type=\"widget\" data-widget_type=\"text-editor.default\">\n\t\t\t\t<div class=\"elementor-widget-container\">\n\t\t\t<style>\/*! elementor - v3.22.0 - 26-06-2024 *\/\n.elementor-widget-text-editor.elementor-drop-cap-view-stacked .elementor-drop-cap{background-color:#69727d;color:#fff}.elementor-widget-text-editor.elementor-drop-cap-view-framed .elementor-drop-cap{color:#69727d;border:3px solid;background-color:transparent}.elementor-widget-text-editor:not(.elementor-drop-cap-view-default) .elementor-drop-cap{margin-top:8px}.elementor-widget-text-editor:not(.elementor-drop-cap-view-default) .elementor-drop-cap-letter{width:1em;height:1em}.elementor-widget-text-editor .elementor-drop-cap{float:left;text-align:center;line-height:1;font-size:50px}.elementor-widget-text-editor .elementor-drop-cap-letter{display:inline-block}<\/style>\t\t\t\t<p>Nuestras m\u00e1quinas enderezadoras autom\u00e1ticas est\u00e1n dise\u00f1adas para corregir la geometr\u00eda.<br \/>deviations of long metal products after processing &#8211; primarily thermal.<\/p>\t\t\t\t\t\t<\/div>\n\t\t\t\t<\/div>\n\t\t\t\t<div class=\"elementor-element elementor-element-89eca30 elementor-align-center elementor-widget elementor-widget-button\" data-id=\"89eca30\" data-element_type=\"widget\" data-widget_type=\"button.default\">\n\t\t\t\t<div class=\"elementor-widget-container\">\n\t\t\t\t\t<div class=\"elementor-button-wrapper\">\n\t\t\t<a class=\"elementor-button elementor-button-link elementor-size-sm\" href=\"https:\/\/www.camcjsw-testmachines.com\/es\/straightening-machines\/\">\n\t\t\t\t\t\t<span class=\"elementor-button-content-wrapper\">\n\t\t\t\t\t\t\t\t\t<span class=\"elementor-button-text\">SABER M\u00c1S<\/span>\n\t\t\t\t\t<\/span>\n\t\t\t\t\t<\/a>\n\t\t<\/div>\n\t\t\t\t<\/div>\n\t\t\t\t<\/div>\n\t\t\t\t<\/div>\n\t\t<div class=\"elementor-element elementor-element-331915a5 e-con-full e-flex e-con e-child\" data-id=\"331915a5\" data-element_type=\"container\">\n\t\t\t\t<div class=\"elementor-element elementor-element-c1938e5 elementor-widget elementor-widget-image\" data-id=\"c1938e5\" data-element_type=\"widget\" data-widget_type=\"image.default\">\n\t\t\t\t<div class=\"elementor-widget-container\">\n\t\t\t\t\t\t\t\t\t\t\t\t\t<img decoding=\"async\" width=\"586\" height=\"438\" src=\"http:\/\/www.camcjsw-testmachines.com\/wp-content\/uploads\/2025\/09\/\u4ea7\u54c1\u4e3b\u56fe.webp\" class=\"attachment-large size-large wp-image-4614\" alt=\"\" srcset=\"http:\/\/www.camcjsw-testmachines.com\/wp-content\/uploads\/2025\/09\/\u4ea7\u54c1\u4e3b\u56fe.webp 586w, http:\/\/www.camcjsw-testmachines.com\/wp-content\/uploads\/2025\/09\/\u4ea7\u54c1\u4e3b\u56fe-300x224.webp 300w, http:\/\/www.camcjsw-testmachines.com\/wp-content\/uploads\/2025\/09\/\u4ea7\u54c1\u4e3b\u56fe-16x12.webp 16w\" sizes=\"(max-width: 586px) 100vw, 586px\" \/>\t\t\t\t\t\t\t\t\t\t\t\t\t<\/div>\n\t\t\t\t<\/div>\n\t\t\t\t<div class=\"elementor-element elementor-element-3a27db00 elementor-widget elementor-widget-heading\" data-id=\"3a27db00\" data-element_type=\"widget\" data-widget_type=\"heading.default\">\n\t\t\t\t<div class=\"elementor-widget-container\">\n\t\t\t<h2 class=\"elementor-heading-title elementor-size-default\"> m\u00e1quina de equilibrado <\/h2>\t\t<\/div>\n\t\t\t\t<\/div>\n\t\t\t\t<div class=\"elementor-element elementor-element-66dacc6d elementor-widget elementor-widget-text-editor\" data-id=\"66dacc6d\" data-element_type=\"widget\" data-widget_type=\"text-editor.default\">\n\t\t\t\t<div class=\"elementor-widget-container\">\n\t\t\t\t\t\t\t<p>Una m\u00e1quina de equilibrado se utiliza para realizar pruebas de equilibrado din\u00e1mico en un rotor en estado de rotaci\u00f3n.<\/p>\t\t\t\t\t\t<\/div>\n\t\t\t\t<\/div>\n\t\t\t\t<div class=\"elementor-element elementor-element-28917a36 elementor-align-center elementor-widget elementor-widget-button\" data-id=\"28917a36\" data-element_type=\"widget\" data-widget_type=\"button.default\">\n\t\t\t\t<div class=\"elementor-widget-container\">\n\t\t\t\t\t<div class=\"elementor-button-wrapper\">\n\t\t\t<a class=\"elementor-button elementor-button-link elementor-size-sm\" href=\"https:\/\/www.camcjsw-testmachines.com\/es\/balancing-machine\/\">\n\t\t\t\t\t\t<span class=\"elementor-button-content-wrapper\">\n\t\t\t\t\t\t\t\t\t<span class=\"elementor-button-text\">SABER M\u00c1S<\/span>\n\t\t\t\t\t<\/span>\n\t\t\t\t\t<\/a>\n\t\t<\/div>\n\t\t\t\t<\/div>\n\t\t\t\t<\/div>\n\t\t\t\t<\/div>\n\t\t\t\t\t<\/div>\n\t\t\t\t<\/div>\n\t\t\t\t<\/div>","protected":false},"excerpt":{"rendered":"<p>Straightening machine &#038; Balancing machine Straightening Machine Our automatic straightening machine are designed to correct geometricdeviations of long metal products after processing &#8211; primarily thermal. LEARN MORE Balancing Machine A balancing machine is used to perform dynamic balancing tests on a rotor in a rotating state LEARN MORE<\/p>","protected":false},"author":1,"featured_media":0,"parent":0,"menu_order":0,"comment_status":"closed","ping_status":"closed","template":"","meta":{"_uag_custom_page_level_css":"","site-sidebar-layout":"no-sidebar","site-content-layout":"page-builder","ast-site-content-layout":"full-width-container","site-content-style":"default","site-sidebar-style":"default","ast-global-header-display":"","ast-banner-title-visibility":"","ast-main-header-display":"","ast-hfb-above-header-display":"","ast-hfb-below-header-display":"","ast-hfb-mobile-header-display":"","site-post-title":"disabled","ast-breadcrumbs-content":"","ast-featured-img":"disabled","footer-sml-layout":"","theme-transparent-header-meta":"","adv-header-id-meta":"","stick-header-meta":"","header-above-stick-meta":"","header-main-stick-meta":"","header-below-stick-meta":"","astra-migrate-meta-layouts":"set","ast-page-background-enabled":"default","ast-page-background-meta":{"desktop":{"background-color":"","background-image":"","background-repeat":"repeat","background-position":"center center","background-size":"auto","background-attachment":"scroll","background-type":"","background-media":"","overlay-type":"","overlay-color":"","overlay-opacity":"","overlay-gradient":""},"tablet":{"background-color":"","background-image":"","background-repeat":"repeat","background-position":"center center","background-size":"auto","background-attachment":"scroll","background-type":"","background-media":"","overlay-type":"","overlay-color":"","overlay-opacity":"","overlay-gradient":""},"mobile":{"background-color":"","background-image":"","background-repeat":"repeat","background-position":"center center","background-size":"auto","background-attachment":"scroll","background-type":"","background-media":"","overlay-type":"","overlay-color":"","overlay-opacity":"","overlay-gradient":""}},"ast-content-background-meta":{"desktop":{"background-color":"var(--ast-global-color-5)","background-image":"","background-repeat":"repeat","background-position":"center center","background-size":"auto","background-attachment":"scroll","background-type":"","background-media":"","overlay-type":"","overlay-color":"","overlay-opacity":"","overlay-gradient":""},"tablet":{"background-color":"var(--ast-global-color-5)","background-image":"","background-repeat":"repeat","background-position":"center center","background-size":"auto","background-attachment":"scroll","background-type":"","background-media":"","overlay-type":"","overlay-color":"","overlay-opacity":"","overlay-gradient":""},"mobile":{"background-color":"var(--ast-global-color-5)","background-image":"","background-repeat":"repeat","background-position":"center center","background-size":"auto","background-attachment":"scroll","background-type":"","background-media":"","overlay-type":"","overlay-color":"","overlay-opacity":"","overlay-gradient":""}},"footnotes":""},"class_list":["post-4717","page","type-page","status-publish","hentry"],"yoast_head":"<!-- This site is optimized with the Yoast SEO Premium plugin v22.5 (Yoast SEO v22.9) - https:\/\/yoast.com\/wordpress\/plugins\/seo\/ -->\r\n<title>Straightening machine &amp; Balancing machine - SINOTEST, a brand of JIANGSU WALLONG-HSIN MACHINERY ENGINEERING CORPORATION LTD<\/title>\r\n<meta name=\"robots\" content=\"index, follow, max-snippet:-1, max-image-preview:large, max-video-preview:-1\" \/>\r\n<link rel=\"canonical\" href=\"http:\/\/www.camcjsw-testmachines.com\/es\/straightening-machine-amp-balancing-machine\/\" \/>\r\n<meta property=\"og:locale\" content=\"es_ES\" \/>\r\n<meta property=\"og:type\" content=\"article\" \/>\r\n<meta property=\"og:title\" content=\"Straightening machine &amp; Balancing machine\" \/>\r\n<meta property=\"og:description\" content=\"Straightening machine &#038; Balancing machine Straightening Machine Our automatic straightening machine are designed to correct geometricdeviations of long metal products after processing &#8211; primarily thermal. LEARN MORE Balancing Machine A balancing machine is used to perform dynamic balancing tests on a rotor in a rotating state LEARN MORE\" \/>\r\n<meta property=\"og:url\" content=\"http:\/\/www.camcjsw-testmachines.com\/es\/straightening-machine-amp-balancing-machine\/\" \/>\r\n<meta property=\"og:site_name\" content=\"SINOTEST, a brand of JIANGSU WALLONG-HSIN MACHINERY ENGINEERING CORPORATION LTD\" \/>\r\n<meta property=\"article:publisher\" content=\"https:\/\/www.facebook.com\/sinotestcorporation\/\" \/>\r\n<meta property=\"article:modified_time\" content=\"2025-11-11T03:48:02+00:00\" \/>\r\n<meta property=\"og:image\" content=\"http:\/\/www.camcjsw-testmachines.com\/wp-content\/uploads\/2024\/07\/Straightening1-1024x768.webp\" \/>\r\n<meta name=\"twitter:card\" content=\"summary_large_image\" \/>\r\n<meta name=\"twitter:site\" content=\"@sinotestmachine\" \/>\r\n<meta name=\"twitter:label1\" content=\"Tiempo de lectura\" \/>\n\t<meta name=\"twitter:data1\" content=\"1 minuto\" \/>\r\n<script type=\"application\/ld+json\" class=\"yoast-schema-graph\">{\"@context\":\"https:\/\/schema.org\",\"@graph\":[{\"@type\":\"WebPage\",\"@id\":\"http:\/\/www.camcjsw-testmachines.com\/straightening-machine-amp-balancing-machine\/\",\"url\":\"http:\/\/www.camcjsw-testmachines.com\/straightening-machine-amp-balancing-machine\/\",\"name\":\"Straightening machine &amp; Balancing machine - SINOTEST, a brand of JIANGSU WALLONG-HSIN MACHINERY ENGINEERING CORPORATION LTD\",\"isPartOf\":{\"@id\":\"http:\/\/www.camcjsw-testmachines.com\/#website\"},\"primaryImageOfPage\":{\"@id\":\"http:\/\/www.camcjsw-testmachines.com\/straightening-machine-amp-balancing-machine\/#primaryimage\"},\"image\":{\"@id\":\"http:\/\/www.camcjsw-testmachines.com\/straightening-machine-amp-balancing-machine\/#primaryimage\"},\"thumbnailUrl\":\"http:\/\/www.camcjsw-testmachines.com\/wp-content\/uploads\/2024\/07\/Straightening1-1024x768.webp\",\"datePublished\":\"2025-09-23T03:58:37+00:00\",\"dateModified\":\"2025-11-11T03:48:02+00:00\",\"breadcrumb\":{\"@id\":\"http:\/\/www.camcjsw-testmachines.com\/straightening-machine-amp-balancing-machine\/#breadcrumb\"},\"inLanguage\":\"es\",\"potentialAction\":[{\"@type\":\"ReadAction\",\"target\":[\"http:\/\/www.camcjsw-testmachines.com\/straightening-machine-amp-balancing-machine\/\"]}]},{\"@type\":\"ImageObject\",\"inLanguage\":\"es\",\"@id\":\"http:\/\/www.camcjsw-testmachines.com\/straightening-machine-amp-balancing-machine\/#primaryimage\",\"url\":\"http:\/\/www.camcjsw-testmachines.com\/wp-content\/uploads\/2024\/07\/Straightening1-1024x768.webp\",\"contentUrl\":\"http:\/\/www.camcjsw-testmachines.com\/wp-content\/uploads\/2024\/07\/Straightening1-1024x768.webp\"},{\"@type\":\"BreadcrumbList\",\"@id\":\"http:\/\/www.camcjsw-testmachines.com\/straightening-machine-amp-balancing-machine\/#breadcrumb\",\"itemListElement\":[{\"@type\":\"ListItem\",\"position\":1,\"name\":\"Home\",\"item\":\"http:\/\/www.camcjsw-testmachines.com\/\"},{\"@type\":\"ListItem\",\"position\":2,\"name\":\"Straightening machine &amp; Balancing machine\"}]},{\"@type\":\"WebSite\",\"@id\":\"http:\/\/www.camcjsw-testmachines.com\/#website\",\"url\":\"http:\/\/www.camcjsw-testmachines.com\/\",\"name\":\"SinoTest Testing machine\",\"description\":\"\",\"publisher\":{\"@id\":\"http:\/\/www.camcjsw-testmachines.com\/#organization\"},\"potentialAction\":[{\"@type\":\"SearchAction\",\"target\":{\"@type\":\"EntryPoint\",\"urlTemplate\":\"http:\/\/www.camcjsw-testmachines.com\/?s={search_term_string}\"},\"query-input\":\"required name=search_term_string\"}],\"inLanguage\":\"es\"},{\"@type\":\"Organization\",\"@id\":\"http:\/\/www.camcjsw-testmachines.com\/#organization\",\"name\":\"JIANGSU WALLONG-HSIN MACHINERY ENGINEERING CORPORATION LTD.\",\"url\":\"http:\/\/www.camcjsw-testmachines.com\/\",\"logo\":{\"@type\":\"ImageObject\",\"inLanguage\":\"es\",\"@id\":\"http:\/\/www.camcjsw-testmachines.com\/#\/schema\/logo\/image\/\",\"url\":\"http:\/\/www.camcjsw-testmachines.com\/wp-content\/uploads\/2024\/07\/logo-scaled.webp\",\"contentUrl\":\"http:\/\/www.camcjsw-testmachines.com\/wp-content\/uploads\/2024\/07\/logo-scaled.webp\",\"width\":2560,\"height\":458,\"caption\":\"JIANGSU WALLONG-HSIN MACHINERY ENGINEERING CORPORATION LTD.\"},\"image\":{\"@id\":\"http:\/\/www.camcjsw-testmachines.com\/#\/schema\/logo\/image\/\"},\"sameAs\":[\"https:\/\/www.facebook.com\/sinotestcorporation\/\",\"https:\/\/x.com\/sinotestmachine\"]}]}<\/script>\r\n<!-- \/ Yoast SEO Premium plugin. -->","yoast_head_json":{"title":"Straightening machine &amp; Balancing machine - SINOTEST, a brand of JIANGSU WALLONG-HSIN MACHINERY ENGINEERING CORPORATION LTD","robots":{"index":"index","follow":"follow","max-snippet":"max-snippet:-1","max-image-preview":"max-image-preview:large","max-video-preview":"max-video-preview:-1"},"canonical":"http:\/\/www.camcjsw-testmachines.com\/es\/straightening-machine-amp-balancing-machine\/","og_locale":"es_ES","og_type":"article","og_title":"Straightening machine &amp; Balancing machine","og_description":"Straightening machine &#038; Balancing machine Straightening Machine Our automatic straightening machine are designed to correct geometricdeviations of long metal products after processing &#8211; primarily thermal. LEARN MORE Balancing Machine A balancing machine is used to perform dynamic balancing tests on a rotor in a rotating state LEARN MORE","og_url":"http:\/\/www.camcjsw-testmachines.com\/es\/straightening-machine-amp-balancing-machine\/","og_site_name":"SINOTEST, a brand of JIANGSU WALLONG-HSIN MACHINERY ENGINEERING CORPORATION LTD","article_publisher":"https:\/\/www.facebook.com\/sinotestcorporation\/","article_modified_time":"2025-11-11T03:48:02+00:00","og_image":[{"url":"http:\/\/www.camcjsw-testmachines.com\/wp-content\/uploads\/2024\/07\/Straightening1-1024x768.webp"}],"twitter_card":"summary_large_image","twitter_site":"@sinotestmachine","twitter_misc":{"Tiempo de lectura":"1 minuto"},"schema":{"@context":"https:\/\/schema.org","@graph":[{"@type":"WebPage","@id":"http:\/\/www.camcjsw-testmachines.com\/straightening-machine-amp-balancing-machine\/","url":"http:\/\/www.camcjsw-testmachines.com\/straightening-machine-amp-balancing-machine\/","name":"Straightening machine &amp; Balancing machine - SINOTEST, a brand of JIANGSU WALLONG-HSIN MACHINERY ENGINEERING CORPORATION LTD","isPartOf":{"@id":"http:\/\/www.camcjsw-testmachines.com\/#website"},"primaryImageOfPage":{"@id":"http:\/\/www.camcjsw-testmachines.com\/straightening-machine-amp-balancing-machine\/#primaryimage"},"image":{"@id":"http:\/\/www.camcjsw-testmachines.com\/straightening-machine-amp-balancing-machine\/#primaryimage"},"thumbnailUrl":"http:\/\/www.camcjsw-testmachines.com\/wp-content\/uploads\/2024\/07\/Straightening1-1024x768.webp","datePublished":"2025-09-23T03:58:37+00:00","dateModified":"2025-11-11T03:48:02+00:00","breadcrumb":{"@id":"http:\/\/www.camcjsw-testmachines.com\/straightening-machine-amp-balancing-machine\/#breadcrumb"},"inLanguage":"es","potentialAction":[{"@type":"ReadAction","target":["http:\/\/www.camcjsw-testmachines.com\/straightening-machine-amp-balancing-machine\/"]}]},{"@type":"ImageObject","inLanguage":"es","@id":"http:\/\/www.camcjsw-testmachines.com\/straightening-machine-amp-balancing-machine\/#primaryimage","url":"http:\/\/www.camcjsw-testmachines.com\/wp-content\/uploads\/2024\/07\/Straightening1-1024x768.webp","contentUrl":"http:\/\/www.camcjsw-testmachines.com\/wp-content\/uploads\/2024\/07\/Straightening1-1024x768.webp"},{"@type":"BreadcrumbList","@id":"http:\/\/www.camcjsw-testmachines.com\/straightening-machine-amp-balancing-machine\/#breadcrumb","itemListElement":[{"@type":"ListItem","position":1,"name":"Home","item":"http:\/\/www.camcjsw-testmachines.com\/"},{"@type":"ListItem","position":2,"name":"Straightening machine &amp; Balancing machine"}]},{"@type":"WebSite","@id":"http:\/\/www.camcjsw-testmachines.com\/#website","url":"http:\/\/www.camcjsw-testmachines.com\/","name":"SinoTest Testing machine","description":"","publisher":{"@id":"http:\/\/www.camcjsw-testmachines.com\/#organization"},"potentialAction":[{"@type":"SearchAction","target":{"@type":"EntryPoint","urlTemplate":"http:\/\/www.camcjsw-testmachines.com\/?s={search_term_string}"},"query-input":"required name=search_term_string"}],"inLanguage":"es"},{"@type":"Organization","@id":"http:\/\/www.camcjsw-testmachines.com\/#organization","name":"JIANGSU WALLONG-HSIN MACHINERY ENGINEERING CORPORATION LTD.","url":"http:\/\/www.camcjsw-testmachines.com\/","logo":{"@type":"ImageObject","inLanguage":"es","@id":"http:\/\/www.camcjsw-testmachines.com\/#\/schema\/logo\/image\/","url":"http:\/\/www.camcjsw-testmachines.com\/wp-content\/uploads\/2024\/07\/logo-scaled.webp","contentUrl":"http:\/\/www.camcjsw-testmachines.com\/wp-content\/uploads\/2024\/07\/logo-scaled.webp","width":2560,"height":458,"caption":"JIANGSU WALLONG-HSIN MACHINERY ENGINEERING CORPORATION LTD."},"image":{"@id":"http:\/\/www.camcjsw-testmachines.com\/#\/schema\/logo\/image\/"},"sameAs":["https:\/\/www.facebook.com\/sinotestcorporation\/","https:\/\/x.com\/sinotestmachine"]}]}},"uagb_featured_image_src":{"full":false,"thumbnail":false,"medium":false,"medium_large":false,"large":false,"1536x1536":false,"2048x2048":false,"trp-custom-language-flag":false,"woocommerce_thumbnail":false,"woocommerce_single":false,"woocommerce_gallery_thumbnail":false},"uagb_author_info":{"display_name":"testmachines","author_link":"http:\/\/www.camcjsw-testmachines.com\/es\/author\/testmachines\/"},"uagb_comment_info":0,"uagb_excerpt":"Straightening machine &#038; Balancing machine Straightening Machine Our automatic straightening machine are designed to correct geometricdeviations of long metal products after processing &#8211; primarily thermal. LEARN MORE Balancing Machine A balancing machine is used to perform dynamic balancing tests on a rotor in a rotating state LEARN MORE","_links":{"self":[{"href":"http:\/\/www.camcjsw-testmachines.com\/es\/wp-json\/wp\/v2\/pages\/4717","targetHints":{"allow":["GET"]}}],"collection":[{"href":"http:\/\/www.camcjsw-testmachines.com\/es\/wp-json\/wp\/v2\/pages"}],"about":[{"href":"http:\/\/www.camcjsw-testmachines.com\/es\/wp-json\/wp\/v2\/types\/page"}],"author":[{"embeddable":true,"href":"http:\/\/www.camcjsw-testmachines.com\/es\/wp-json\/wp\/v2\/users\/1"}],"replies":[{"embeddable":true,"href":"http:\/\/www.camcjsw-testmachines.com\/es\/wp-json\/wp\/v2\/comments?post=4717"}],"version-history":[{"count":0,"href":"http:\/\/www.camcjsw-testmachines.com\/es\/wp-json\/wp\/v2\/pages\/4717\/revisions"}],"wp:attachment":[{"href":"http:\/\/www.camcjsw-testmachines.com\/es\/wp-json\/wp\/v2\/media?parent=4717"}],"curies":[{"name":"wp","href":"https:\/\/api.w.org\/{rel}","templated":true}]}}