{"id":149,"date":"2024-07-01T11:01:34","date_gmt":"2024-07-01T03:01:34","guid":{"rendered":"http:\/\/www.camcjsw-testmachines.com\/electric-ds-fatigue-testing-machine\/"},"modified":"2025-11-12T13:17:38","modified_gmt":"2025-11-12T05:17:38","slug":"electric-ds-fatigue-testing-machine","status":"publish","type":"page","link":"http:\/\/www.camcjsw-testmachines.com\/es\/electric-ds-fatigue-testing-machine\/","title":{"rendered":"Electric D&#038;S Fatigue Testing Systems"},"content":{"rendered":"<div data-elementor-type=\"wp-page\" data-elementor-id=\"149\" class=\"elementor elementor-149\" data-elementor-post-type=\"page\">\n\t\t\t\t<div class=\"elementor-element elementor-element-51041b94 e-flex e-con-boxed e-con e-parent\" data-id=\"51041b94\" data-element_type=\"container\" data-settings=\"{&quot;background_background&quot;:&quot;classic&quot;}\">\n\t\t\t\t\t<div class=\"e-con-inner\">\n\t\t\t\t<div class=\"elementor-element elementor-element-27f7bec9 elementor-absolute elementor-widget elementor-widget-heading\" data-id=\"27f7bec9\" data-element_type=\"widget\" data-settings=\"{&quot;_position&quot;:&quot;absolute&quot;}\" data-widget_type=\"heading.default\">\n\t\t\t\t<div class=\"elementor-widget-container\">\n\t\t\t<style>\/*! elementor - v3.22.0 - 26-06-2024 *\/\n.elementor-heading-title{padding:0;margin:0;line-height:1}.elementor-widget-heading .elementor-heading-title[class*=elementor-size-]>a{color:inherit;font-size:inherit;line-height:inherit}.elementor-widget-heading .elementor-heading-title.elementor-size-small{font-size:15px}.elementor-widget-heading .elementor-heading-title.elementor-size-medium{font-size:19px}.elementor-widget-heading .elementor-heading-title.elementor-size-large{font-size:29px}.elementor-widget-heading .elementor-heading-title.elementor-size-xl{font-size:39px}.elementor-widget-heading .elementor-heading-title.elementor-size-xxl{font-size:59px}<\/style><h2 class=\"elementor-heading-title elementor-size-default\">Sistemas de prueba de fatiga<\/h2>\t\t<\/div>\n\t\t\t\t<\/div>\n\t\t\t\t<div class=\"elementor-element elementor-element-778d8e56 elementor-absolute elementor-widget elementor-widget-heading\" data-id=\"778d8e56\" data-element_type=\"widget\" data-settings=\"{&quot;_position&quot;:&quot;absolute&quot;}\" data-widget_type=\"heading.default\">\n\t\t\t\t<div class=\"elementor-widget-container\">\n\t\t\t<h4 class=\"elementor-heading-title elementor-size-default\">Electric Fatigue testing systems<\/h4>\t\t<\/div>\n\t\t\t\t<\/div>\n\t\t\t\t\t<\/div>\n\t\t\t\t<\/div>\n\t\t<div class=\"elementor-element elementor-element-80c0ff4 e-flex e-con-boxed e-con e-parent\" data-id=\"80c0ff4\" data-element_type=\"container\">\n\t\t\t\t\t<div class=\"e-con-inner\">\n\t\t\t\t<div class=\"elementor-element elementor-element-7b58e17 elementor-widget elementor-widget-text-editor\" data-id=\"7b58e17\" data-element_type=\"widget\" data-widget_type=\"text-editor.default\">\n\t\t\t\t<div class=\"elementor-widget-container\">\n\t\t\t<style>\/*! elementor - v3.22.0 - 26-06-2024 *\/\n.elementor-widget-text-editor.elementor-drop-cap-view-stacked .elementor-drop-cap{background-color:#69727d;color:#fff}.elementor-widget-text-editor.elementor-drop-cap-view-framed .elementor-drop-cap{color:#69727d;border:3px solid;background-color:transparent}.elementor-widget-text-editor:not(.elementor-drop-cap-view-default) .elementor-drop-cap{margin-top:8px}.elementor-widget-text-editor:not(.elementor-drop-cap-view-default) .elementor-drop-cap-letter{width:1em;height:1em}.elementor-widget-text-editor .elementor-drop-cap{float:left;text-align:center;line-height:1;font-size:50px}.elementor-widget-text-editor .elementor-drop-cap-letter{display:inline-block}<\/style>\t\t\t\t<p><a href=\"https:\/\/www.camcjsw-testmachines.com\/es\/\">INICIO<\/a>&gt;&gt;<a href=\"https:\/\/www.camcjsw-testmachines.com\/es\/dynamic-testing-machine\/\">&gt;&gt;Sistemas de prueba din\u00e1micos<\/a>&gt;&gt;Electric D &amp; S Fatigue Testing Systems<\/p>\t\t\t\t\t\t<\/div>\n\t\t\t\t<\/div>\n\t\t\t\t\t<\/div>\n\t\t\t\t<\/div>\n\t\t<div class=\"elementor-element elementor-element-55c18483 e-flex e-con-boxed e-con e-parent\" data-id=\"55c18483\" data-element_type=\"container\" data-settings=\"{&quot;background_background&quot;:&quot;classic&quot;}\">\n\t\t\t\t\t<div class=\"e-con-inner\">\n\t\t\t\t<div class=\"elementor-element elementor-element-add7b63 elementor-widget elementor-widget-heading\" data-id=\"add7b63\" data-element_type=\"widget\" data-widget_type=\"heading.default\">\n\t\t\t\t<div class=\"elementor-widget-container\">\n\t\t\t<h3 class=\"elementor-heading-title elementor-size-default\">Electric D & S Fatigue Testing Systems<\/h3>\t\t<\/div>\n\t\t\t\t<\/div>\n\t\t\t\t<div class=\"elementor-element elementor-element-3be6735f elementor-widget elementor-widget-heading\" data-id=\"3be6735f\" data-element_type=\"widget\" data-widget_type=\"heading.default\">\n\t\t\t\t<div class=\"elementor-widget-container\">\n\t\t\t<h5 class=\"elementor-heading-title elementor-size-default\">Principalmente utilizada para pruebas de evaluaci\u00f3n de rendimiento de materiales bajo fatiga din\u00e1mica y resistencia est\u00e1tica a la tracci\u00f3n y compresi\u00f3n.<\/h5>\t\t<\/div>\n\t\t\t\t<\/div>\n\t\t\t\t\t<\/div>\n\t\t\t\t<\/div>\n\t\t<div class=\"elementor-element elementor-element-48c69f30 e-flex e-con-boxed e-con e-parent\" data-id=\"48c69f30\" data-element_type=\"container\" data-settings=\"{&quot;background_background&quot;:&quot;classic&quot;}\">\n\t\t\t\t\t<div class=\"e-con-inner\">\n\t\t<div class=\"elementor-element elementor-element-64bb657a e-con-full e-flex e-con e-child\" data-id=\"64bb657a\" data-element_type=\"container\">\n\t\t\t\t<div class=\"elementor-element elementor-element-2c0d984 elementor-widget elementor-widget-text-editor\" data-id=\"2c0d984\" data-element_type=\"widget\" data-widget_type=\"text-editor.default\">\n\t\t\t\t<div class=\"elementor-widget-container\">\n\t\t\t\t\t\t\t<p class=\"section-desc1\">The Electronic D&amp;S testing systems can support low-speed static testing to high-frequency dynamic fatigue testing of thousands of hertz, which can be driven by laboratory power alone. It is suitable for environments with high requirements and is the best product to replace electro-hydraulic servo dynamic testing systems. In the testing system, there is no need for HPU, no repetitive or high-frequency maintenance issues, and it can provide a testing environment without pollution hazards for the laboratory.<\/p>\t\t\t\t\t\t<\/div>\n\t\t\t\t<\/div>\n\t\t\t\t<div class=\"elementor-element elementor-element-62766ebd elementor-align-center elementor-widget elementor-widget-button\" data-id=\"62766ebd\" data-element_type=\"widget\" data-widget_type=\"button.default\">\n\t\t\t\t<div class=\"elementor-widget-container\">\n\t\t\t\t\t<div class=\"elementor-button-wrapper\">\n\t\t\t<a class=\"elementor-button elementor-button-link elementor-size-sm\" href=\"https:\/\/www.camcjsw-testmachines.com\/es\/contact\/\">\n\t\t\t\t\t\t<span class=\"elementor-button-content-wrapper\">\n\t\t\t\t\t\t\t\t\t<span class=\"elementor-button-text\">SOLICITAR UN PRESUPUESTO O DEMOSTRACI\u00d3N<\/span>\n\t\t\t\t\t<\/span>\n\t\t\t\t\t<\/a>\n\t\t<\/div>\n\t\t\t\t<\/div>\n\t\t\t\t<\/div>\n\t\t\t\t<\/div>\n\t\t<div class=\"elementor-element elementor-element-7350de07 e-con-full e-flex e-con e-child\" data-id=\"7350de07\" data-element_type=\"container\">\n\t\t\t\t<div class=\"elementor-element elementor-element-30dad739 elementor-widget elementor-widget-image\" data-id=\"30dad739\" data-element_type=\"widget\" data-widget_type=\"image.default\">\n\t\t\t\t<div class=\"elementor-widget-container\">\n\t\t\t<style>\/*! elementor - v3.22.0 - 26-06-2024 *\/\n.elementor-widget-image{text-align:center}.elementor-widget-image a{display:inline-block}.elementor-widget-image a img[src$=\".svg\"]{width:48px}.elementor-widget-image img{vertical-align:middle;display:inline-block}<\/style>\t\t\t\t\t\t\t\t\t\t<img fetchpriority=\"high\" decoding=\"async\" width=\"800\" height=\"600\" src=\"http:\/\/www.camcjsw-testmachines.com\/wp-content\/uploads\/2024\/07\/DS-Fatigue.webp\" class=\"attachment-large size-large wp-image-414\" alt=\"\" srcset=\"http:\/\/www.camcjsw-testmachines.com\/wp-content\/uploads\/2024\/07\/DS-Fatigue.webp 800w, http:\/\/www.camcjsw-testmachines.com\/wp-content\/uploads\/2024\/07\/DS-Fatigue-300x225.webp 300w, http:\/\/www.camcjsw-testmachines.com\/wp-content\/uploads\/2024\/07\/DS-Fatigue-768x576.webp 768w\" sizes=\"(max-width: 800px) 100vw, 800px\" \/>\t\t\t\t\t\t\t\t\t\t\t\t\t<\/div>\n\t\t\t\t<\/div>\n\t\t\t\t<\/div>\n\t\t\t\t\t<\/div>\n\t\t\t\t<\/div>\n\t\t\t\t<\/div>","protected":false},"excerpt":{"rendered":"<p>Fatigue Testing Systems Electric Fatigue testing systems Home&gt;&gt;Dynamic Testing Systems&gt;&gt;Electric D &amp; S Fatigue Testing Systems Electric D &#038; S Fatigue Testing Systems Mainly used for performance evaluation tests of materials under dynamic fatigue and static tensile and compressive strength. The Electronic D&amp;S testing systems can support low-speed static testing to high-frequency dynamic fatigue testing [&hellip;]<\/p>","protected":false},"author":1,"featured_media":0,"parent":0,"menu_order":0,"comment_status":"closed","ping_status":"closed","template":"","meta":{"_uag_custom_page_level_css":"","site-sidebar-layout":"no-sidebar","site-content-layout":"page-builder","ast-site-content-layout":"full-width-container","site-content-style":"default","site-sidebar-style":"default","ast-global-header-display":"","ast-banner-title-visibility":"","ast-main-header-display":"","ast-hfb-above-header-display":"","ast-hfb-below-header-display":"","ast-hfb-mobile-header-display":"","site-post-title":"disabled","ast-breadcrumbs-content":"","ast-featured-img":"disabled","footer-sml-layout":"","theme-transparent-header-meta":"","adv-header-id-meta":"","stick-header-meta":"","header-above-stick-meta":"","header-main-stick-meta":"","header-below-stick-meta":"","astra-migrate-meta-layouts":"set","ast-page-background-enabled":"default","ast-page-background-meta":{"desktop":{"background-color":"","background-image":"","background-repeat":"repeat","background-position":"center center","background-size":"auto","background-attachment":"scroll","background-type":"","background-media":"","overlay-type":"","overlay-color":"","overlay-opacity":"","overlay-gradient":""},"tablet":{"background-color":"","background-image":"","background-repeat":"repeat","background-position":"center center","background-size":"auto","background-attachment":"scroll","background-type":"","background-media":"","overlay-type":"","overlay-color":"","overlay-opacity":"","overlay-gradient":""},"mobile":{"background-color":"","background-image":"","background-repeat":"repeat","background-position":"center center","background-size":"auto","background-attachment":"scroll","background-type":"","background-media":"","overlay-type":"","overlay-color":"","overlay-opacity":"","overlay-gradient":""}},"ast-content-background-meta":{"desktop":{"background-color":"var(--ast-global-color-5)","background-image":"","background-repeat":"repeat","background-position":"center center","background-size":"auto","background-attachment":"scroll","background-type":"","background-media":"","overlay-type":"","overlay-color":"","overlay-opacity":"","overlay-gradient":""},"tablet":{"background-color":"var(--ast-global-color-5)","background-image":"","background-repeat":"repeat","background-position":"center center","background-size":"auto","background-attachment":"scroll","background-type":"","background-media":"","overlay-type":"","overlay-color":"","overlay-opacity":"","overlay-gradient":""},"mobile":{"background-color":"var(--ast-global-color-5)","background-image":"","background-repeat":"repeat","background-position":"center center","background-size":"auto","background-attachment":"scroll","background-type":"","background-media":"","overlay-type":"","overlay-color":"","overlay-opacity":"","overlay-gradient":""}},"footnotes":""},"class_list":["post-149","page","type-page","status-publish","hentry"],"yoast_head":"<!-- This site is optimized with the Yoast SEO Premium plugin v22.5 (Yoast SEO v22.9) - https:\/\/yoast.com\/wordpress\/plugins\/seo\/ -->\r\n<title>Electric D&amp;S Fatigue Testing Systems - SinoTest Testing Systems<\/title>\r\n<meta name=\"description\" content=\"Electric D&amp;S Fatigue Testing Systems - Mainly used for performance evaluation tests of materials under dynamic fatigue and static tensile and compressive strength.\" \/>\r\n<meta name=\"robots\" content=\"index, follow, max-snippet:-1, max-image-preview:large, max-video-preview:-1\" \/>\r\n<link rel=\"canonical\" href=\"http:\/\/www.camcjsw-testmachines.com\/es\/electric-ds-fatigue-testing-machine\/\" \/>\r\n<meta property=\"og:locale\" content=\"es_ES\" \/>\r\n<meta property=\"og:type\" content=\"article\" \/>\r\n<meta property=\"og:title\" content=\"Electric D&amp;S Fatigue Testing Systems\" \/>\r\n<meta property=\"og:description\" content=\"Electric D&amp;S Fatigue Testing Systems - Mainly used for performance evaluation tests of materials under dynamic fatigue and static tensile and compressive strength.\" \/>\r\n<meta property=\"og:url\" content=\"http:\/\/www.camcjsw-testmachines.com\/es\/electric-ds-fatigue-testing-machine\/\" \/>\r\n<meta property=\"og:site_name\" content=\"SinoTest Testing Systems\" \/>\r\n<meta property=\"article:publisher\" content=\"https:\/\/www.facebook.com\/sinotestcorporation\/\" \/>\r\n<meta property=\"article:modified_time\" content=\"2025-11-12T05:17:38+00:00\" \/>\r\n<meta property=\"og:image\" content=\"http:\/\/www.camcjsw-testmachines.com\/wp-content\/uploads\/2024\/07\/DS-Fatigue.webp\" \/>\r\n<meta name=\"twitter:card\" content=\"summary_large_image\" \/>\r\n<meta name=\"twitter:site\" content=\"@sinotestmachine\" \/>\r\n<meta name=\"twitter:label1\" content=\"Tiempo de lectura\" \/>\n\t<meta name=\"twitter:data1\" content=\"1 minuto\" \/>\r\n<script type=\"application\/ld+json\" class=\"yoast-schema-graph\">{\"@context\":\"https:\/\/schema.org\",\"@graph\":[{\"@type\":\"WebPage\",\"@id\":\"http:\/\/www.camcjsw-testmachines.com\/electric-ds-fatigue-testing-machine\/\",\"url\":\"http:\/\/www.camcjsw-testmachines.com\/electric-ds-fatigue-testing-machine\/\",\"name\":\"Electric D&S Fatigue Testing Systems - SinoTest Testing Systems\",\"isPartOf\":{\"@id\":\"http:\/\/www.camcjsw-testmachines.com\/#website\"},\"primaryImageOfPage\":{\"@id\":\"http:\/\/www.camcjsw-testmachines.com\/electric-ds-fatigue-testing-machine\/#primaryimage\"},\"image\":{\"@id\":\"http:\/\/www.camcjsw-testmachines.com\/electric-ds-fatigue-testing-machine\/#primaryimage\"},\"thumbnailUrl\":\"http:\/\/www.camcjsw-testmachines.com\/wp-content\/uploads\/2024\/07\/DS-Fatigue.webp\",\"datePublished\":\"2024-07-01T03:01:34+00:00\",\"dateModified\":\"2025-11-12T05:17:38+00:00\",\"description\":\"Electric D&S Fatigue Testing Systems - Mainly used for performance evaluation tests of materials under dynamic fatigue and static tensile and compressive strength.\",\"breadcrumb\":{\"@id\":\"http:\/\/www.camcjsw-testmachines.com\/electric-ds-fatigue-testing-machine\/#breadcrumb\"},\"inLanguage\":\"es\",\"potentialAction\":[{\"@type\":\"ReadAction\",\"target\":[\"http:\/\/www.camcjsw-testmachines.com\/electric-ds-fatigue-testing-machine\/\"]}]},{\"@type\":\"ImageObject\",\"inLanguage\":\"es\",\"@id\":\"http:\/\/www.camcjsw-testmachines.com\/electric-ds-fatigue-testing-machine\/#primaryimage\",\"url\":\"http:\/\/www.camcjsw-testmachines.com\/wp-content\/uploads\/2024\/07\/DS-Fatigue.webp\",\"contentUrl\":\"http:\/\/www.camcjsw-testmachines.com\/wp-content\/uploads\/2024\/07\/DS-Fatigue.webp\"},{\"@type\":\"BreadcrumbList\",\"@id\":\"http:\/\/www.camcjsw-testmachines.com\/electric-ds-fatigue-testing-machine\/#breadcrumb\",\"itemListElement\":[{\"@type\":\"ListItem\",\"position\":1,\"name\":\"Home\",\"item\":\"http:\/\/www.camcjsw-testmachines.com\/\"},{\"@type\":\"ListItem\",\"position\":2,\"name\":\"Electric D&#038;S Fatigue Testing Systems\"}]},{\"@type\":\"WebSite\",\"@id\":\"http:\/\/www.camcjsw-testmachines.com\/#website\",\"url\":\"http:\/\/www.camcjsw-testmachines.com\/\",\"name\":\"SinoTest Testing machine\",\"description\":\"\",\"publisher\":{\"@id\":\"http:\/\/www.camcjsw-testmachines.com\/#organization\"},\"potentialAction\":[{\"@type\":\"SearchAction\",\"target\":{\"@type\":\"EntryPoint\",\"urlTemplate\":\"http:\/\/www.camcjsw-testmachines.com\/?s={search_term_string}\"},\"query-input\":\"required name=search_term_string\"}],\"inLanguage\":\"es\"},{\"@type\":\"Organization\",\"@id\":\"http:\/\/www.camcjsw-testmachines.com\/#organization\",\"name\":\"JIANGSU WALLONG-HSIN MACHINERY ENGINEERING CORPORATION LTD.\",\"url\":\"http:\/\/www.camcjsw-testmachines.com\/\",\"logo\":{\"@type\":\"ImageObject\",\"inLanguage\":\"es\",\"@id\":\"http:\/\/www.camcjsw-testmachines.com\/#\/schema\/logo\/image\/\",\"url\":\"http:\/\/www.camcjsw-testmachines.com\/wp-content\/uploads\/2024\/07\/logo-scaled.webp\",\"contentUrl\":\"http:\/\/www.camcjsw-testmachines.com\/wp-content\/uploads\/2024\/07\/logo-scaled.webp\",\"width\":2560,\"height\":458,\"caption\":\"JIANGSU WALLONG-HSIN MACHINERY ENGINEERING CORPORATION LTD.\"},\"image\":{\"@id\":\"http:\/\/www.camcjsw-testmachines.com\/#\/schema\/logo\/image\/\"},\"sameAs\":[\"https:\/\/www.facebook.com\/sinotestcorporation\/\",\"https:\/\/x.com\/sinotestmachine\"]}]}<\/script>\r\n<!-- \/ Yoast SEO Premium plugin. -->","yoast_head_json":{"title":"Electric D&S Fatigue Testing Systems - SinoTest Testing Systems","description":"Electric D&S Fatigue Testing Systems - Mainly used for performance evaluation tests of materials under dynamic fatigue and static tensile and compressive strength.","robots":{"index":"index","follow":"follow","max-snippet":"max-snippet:-1","max-image-preview":"max-image-preview:large","max-video-preview":"max-video-preview:-1"},"canonical":"http:\/\/www.camcjsw-testmachines.com\/es\/electric-ds-fatigue-testing-machine\/","og_locale":"es_ES","og_type":"article","og_title":"Electric D&S Fatigue Testing Systems","og_description":"Electric D&S Fatigue Testing Systems - Mainly used for performance evaluation tests of materials under dynamic fatigue and static tensile and compressive strength.","og_url":"http:\/\/www.camcjsw-testmachines.com\/es\/electric-ds-fatigue-testing-machine\/","og_site_name":"SinoTest Testing Systems","article_publisher":"https:\/\/www.facebook.com\/sinotestcorporation\/","article_modified_time":"2025-11-12T05:17:38+00:00","og_image":[{"url":"http:\/\/www.camcjsw-testmachines.com\/wp-content\/uploads\/2024\/07\/DS-Fatigue.webp"}],"twitter_card":"summary_large_image","twitter_site":"@sinotestmachine","twitter_misc":{"Tiempo de lectura":"1 minuto"},"schema":{"@context":"https:\/\/schema.org","@graph":[{"@type":"WebPage","@id":"http:\/\/www.camcjsw-testmachines.com\/electric-ds-fatigue-testing-machine\/","url":"http:\/\/www.camcjsw-testmachines.com\/electric-ds-fatigue-testing-machine\/","name":"Electric D&S Fatigue Testing Systems - SinoTest Testing Systems","isPartOf":{"@id":"http:\/\/www.camcjsw-testmachines.com\/#website"},"primaryImageOfPage":{"@id":"http:\/\/www.camcjsw-testmachines.com\/electric-ds-fatigue-testing-machine\/#primaryimage"},"image":{"@id":"http:\/\/www.camcjsw-testmachines.com\/electric-ds-fatigue-testing-machine\/#primaryimage"},"thumbnailUrl":"http:\/\/www.camcjsw-testmachines.com\/wp-content\/uploads\/2024\/07\/DS-Fatigue.webp","datePublished":"2024-07-01T03:01:34+00:00","dateModified":"2025-11-12T05:17:38+00:00","description":"Electric D&S Fatigue Testing Systems - Mainly used for performance evaluation tests of materials under dynamic fatigue and static tensile and compressive strength.","breadcrumb":{"@id":"http:\/\/www.camcjsw-testmachines.com\/electric-ds-fatigue-testing-machine\/#breadcrumb"},"inLanguage":"es","potentialAction":[{"@type":"ReadAction","target":["http:\/\/www.camcjsw-testmachines.com\/electric-ds-fatigue-testing-machine\/"]}]},{"@type":"ImageObject","inLanguage":"es","@id":"http:\/\/www.camcjsw-testmachines.com\/electric-ds-fatigue-testing-machine\/#primaryimage","url":"http:\/\/www.camcjsw-testmachines.com\/wp-content\/uploads\/2024\/07\/DS-Fatigue.webp","contentUrl":"http:\/\/www.camcjsw-testmachines.com\/wp-content\/uploads\/2024\/07\/DS-Fatigue.webp"},{"@type":"BreadcrumbList","@id":"http:\/\/www.camcjsw-testmachines.com\/electric-ds-fatigue-testing-machine\/#breadcrumb","itemListElement":[{"@type":"ListItem","position":1,"name":"Home","item":"http:\/\/www.camcjsw-testmachines.com\/"},{"@type":"ListItem","position":2,"name":"Electric D&#038;S Fatigue Testing Systems"}]},{"@type":"WebSite","@id":"http:\/\/www.camcjsw-testmachines.com\/#website","url":"http:\/\/www.camcjsw-testmachines.com\/","name":"SinoTest Testing machine","description":"","publisher":{"@id":"http:\/\/www.camcjsw-testmachines.com\/#organization"},"potentialAction":[{"@type":"SearchAction","target":{"@type":"EntryPoint","urlTemplate":"http:\/\/www.camcjsw-testmachines.com\/?s={search_term_string}"},"query-input":"required name=search_term_string"}],"inLanguage":"es"},{"@type":"Organization","@id":"http:\/\/www.camcjsw-testmachines.com\/#organization","name":"JIANGSU WALLONG-HSIN MACHINERY ENGINEERING CORPORATION LTD.","url":"http:\/\/www.camcjsw-testmachines.com\/","logo":{"@type":"ImageObject","inLanguage":"es","@id":"http:\/\/www.camcjsw-testmachines.com\/#\/schema\/logo\/image\/","url":"http:\/\/www.camcjsw-testmachines.com\/wp-content\/uploads\/2024\/07\/logo-scaled.webp","contentUrl":"http:\/\/www.camcjsw-testmachines.com\/wp-content\/uploads\/2024\/07\/logo-scaled.webp","width":2560,"height":458,"caption":"JIANGSU WALLONG-HSIN MACHINERY ENGINEERING CORPORATION LTD."},"image":{"@id":"http:\/\/www.camcjsw-testmachines.com\/#\/schema\/logo\/image\/"},"sameAs":["https:\/\/www.facebook.com\/sinotestcorporation\/","https:\/\/x.com\/sinotestmachine"]}]}},"uagb_featured_image_src":{"full":false,"thumbnail":false,"medium":false,"medium_large":false,"large":false,"1536x1536":false,"2048x2048":false,"trp-custom-language-flag":false,"woocommerce_thumbnail":false,"woocommerce_single":false,"woocommerce_gallery_thumbnail":false},"uagb_author_info":{"display_name":"testmachines","author_link":"http:\/\/www.camcjsw-testmachines.com\/es\/author\/testmachines\/"},"uagb_comment_info":0,"uagb_excerpt":"Fatigue Testing Systems Electric Fatigue testing systems Home&gt;&gt;Dynamic Testing Systems&gt;&gt;Electric D &amp; S Fatigue Testing Systems Electric D &#038; S Fatigue Testing Systems Mainly used for performance evaluation tests of materials under dynamic fatigue and static tensile and compressive strength. The Electronic D&amp;S testing systems can support low-speed static testing to high-frequency dynamic fatigue testing&hellip;","_links":{"self":[{"href":"http:\/\/www.camcjsw-testmachines.com\/es\/wp-json\/wp\/v2\/pages\/149","targetHints":{"allow":["GET"]}}],"collection":[{"href":"http:\/\/www.camcjsw-testmachines.com\/es\/wp-json\/wp\/v2\/pages"}],"about":[{"href":"http:\/\/www.camcjsw-testmachines.com\/es\/wp-json\/wp\/v2\/types\/page"}],"author":[{"embeddable":true,"href":"http:\/\/www.camcjsw-testmachines.com\/es\/wp-json\/wp\/v2\/users\/1"}],"replies":[{"embeddable":true,"href":"http:\/\/www.camcjsw-testmachines.com\/es\/wp-json\/wp\/v2\/comments?post=149"}],"version-history":[{"count":0,"href":"http:\/\/www.camcjsw-testmachines.com\/es\/wp-json\/wp\/v2\/pages\/149\/revisions"}],"wp:attachment":[{"href":"http:\/\/www.camcjsw-testmachines.com\/es\/wp-json\/wp\/v2\/media?parent=149"}],"curies":[{"name":"wp","href":"https:\/\/api.w.org\/{rel}","templated":true}]}}