{"id":125,"date":"2024-07-01T11:01:34","date_gmt":"2024-07-01T03:01:34","guid":{"rendered":"http:\/\/www.camcjsw-testmachines.com\/customized-service\/"},"modified":"2025-11-12T11:15:32","modified_gmt":"2025-11-12T03:15:32","slug":"customized-service","status":"publish","type":"page","link":"http:\/\/www.camcjsw-testmachines.com\/es\/customized-service\/","title":{"rendered":"Servicio Personalizado"},"content":{"rendered":"<div data-elementor-type=\"wp-page\" data-elementor-id=\"125\" class=\"elementor elementor-125\" data-elementor-post-type=\"page\">\n\t\t\t\t<div class=\"elementor-element elementor-element-7b6216c2 e-flex e-con-boxed e-con e-parent\" data-id=\"7b6216c2\" data-element_type=\"container\" data-settings=\"{&quot;background_background&quot;:&quot;classic&quot;}\">\n\t\t\t\t\t<div class=\"e-con-inner\">\n\t\t\t\t<div class=\"elementor-element elementor-element-76c6f56d elementor-absolute elementor-widget elementor-widget-heading\" data-id=\"76c6f56d\" data-element_type=\"widget\" data-settings=\"{&quot;_position&quot;:&quot;absolute&quot;}\" data-widget_type=\"heading.default\">\n\t\t\t\t<div class=\"elementor-widget-container\">\n\t\t\t<style>\/*! elementor - v3.22.0 - 26-06-2024 *\/\n.elementor-heading-title{padding:0;margin:0;line-height:1}.elementor-widget-heading .elementor-heading-title[class*=elementor-size-]>a{color:inherit;font-size:inherit;line-height:inherit}.elementor-widget-heading .elementor-heading-title.elementor-size-small{font-size:15px}.elementor-widget-heading .elementor-heading-title.elementor-size-medium{font-size:19px}.elementor-widget-heading .elementor-heading-title.elementor-size-large{font-size:29px}.elementor-widget-heading .elementor-heading-title.elementor-size-xl{font-size:39px}.elementor-widget-heading .elementor-heading-title.elementor-size-xxl{font-size:59px}<\/style><h2 class=\"elementor-heading-title elementor-size-default\">Servicio Personalizado<\/h2>\t\t<\/div>\n\t\t\t\t<\/div>\n\t\t\t\t<div class=\"elementor-element elementor-element-13f0c914 elementor-absolute elementor-widget elementor-widget-heading\" data-id=\"13f0c914\" data-element_type=\"widget\" data-settings=\"{&quot;_position&quot;:&quot;absolute&quot;}\" data-widget_type=\"heading.default\">\n\t\t\t\t<div class=\"elementor-widget-container\">\n\t\t\t<h5 class=\"elementor-heading-title elementor-size-default\">Sinotest le proporciona varios accesorios<br \/> para cumplir con los requisitos de diferentes pruebas.<\/h5>\t\t<\/div>\n\t\t\t\t<\/div>\n\t\t\t\t\t<\/div>\n\t\t\t\t<\/div>\n\t\t<div class=\"elementor-element elementor-element-72898d6 e-flex e-con-boxed e-con e-parent\" data-id=\"72898d6\" data-element_type=\"container\">\n\t\t\t\t\t<div class=\"e-con-inner\">\n\t\t\t\t<div class=\"elementor-element elementor-element-aeba085 elementor-align-right elementor-widget elementor-widget-breadcrumbs\" data-id=\"aeba085\" data-element_type=\"widget\" data-widget_type=\"breadcrumbs.default\">\n\t\t\t\t<div class=\"elementor-widget-container\">\n\t\t\t<link rel=\"stylesheet\" href=\"http:\/\/www.camcjsw-testmachines.com\/wp-content\/plugins\/elementor-pro\/assets\/css\/widget-theme-elements.min.css\"><p id=\"breadcrumbs\"><span><span><a href=\"http:\/\/www.camcjsw-testmachines.com\/es\/\">INICIO<\/a><\/span><\/span><\/p>\t\t<\/div>\n\t\t\t\t<\/div>\n\t\t\t\t\t<\/div>\n\t\t\t\t<\/div>\n\t\t<div class=\"elementor-element elementor-element-43a85b72 e-flex e-con-boxed e-con e-parent\" data-id=\"43a85b72\" data-element_type=\"container\">\n\t\t\t\t\t<div class=\"e-con-inner\">\n\t\t\t\t<div class=\"elementor-element elementor-element-df505c0 elementor-widget elementor-widget-heading\" data-id=\"df505c0\" data-element_type=\"widget\" data-widget_type=\"heading.default\">\n\t\t\t\t<div class=\"elementor-widget-container\">\n\t\t\t<h3 class=\"elementor-heading-title elementor-size-default\">Servicio personalizado<\/h3>\t\t<\/div>\n\t\t\t\t<\/div>\n\t\t\t\t\t<\/div>\n\t\t\t\t<\/div>\n\t\t<div class=\"elementor-element elementor-element-627c2a3f e-flex e-con-boxed e-con e-parent\" data-id=\"627c2a3f\" data-element_type=\"container\" data-settings=\"{&quot;background_background&quot;:&quot;classic&quot;}\">\n\t\t\t\t\t<div class=\"e-con-inner\">\n\t\t<div class=\"elementor-element elementor-element-7d12ca10 e-con-full e-flex e-con e-child\" data-id=\"7d12ca10\" data-element_type=\"container\">\n\t\t\t\t<div class=\"elementor-element elementor-element-69c3e481 elementor-widget elementor-widget-text-editor\" data-id=\"69c3e481\" data-element_type=\"widget\" data-widget_type=\"text-editor.default\">\n\t\t\t\t<div class=\"elementor-widget-container\">\n\t\t\t<style>\/*! elementor - v3.22.0 - 26-06-2024 *\/\n.elementor-widget-text-editor.elementor-drop-cap-view-stacked .elementor-drop-cap{background-color:#69727d;color:#fff}.elementor-widget-text-editor.elementor-drop-cap-view-framed .elementor-drop-cap{color:#69727d;border:3px solid;background-color:transparent}.elementor-widget-text-editor:not(.elementor-drop-cap-view-default) .elementor-drop-cap{margin-top:8px}.elementor-widget-text-editor:not(.elementor-drop-cap-view-default) .elementor-drop-cap-letter{width:1em;height:1em}.elementor-widget-text-editor .elementor-drop-cap{float:left;text-align:center;line-height:1;font-size:50px}.elementor-widget-text-editor .elementor-drop-cap-letter{display:inline-block}<\/style>\t\t\t\t<p>\u00bfNo encuentra la m\u00e1quina que est\u00e1 buscando?<br \/>\u00a1Sinotest ofrece soluciones personalizadas!<br \/>\u00bfDesea m\u00e1s detalles del producto? Deje su informaci\u00f3n de contacto y nuestros ingenieros de ventas se pondr\u00e1n en contacto con usted de inmediato.<br \/>Correo electr\u00f3nico: camcjsw@camcjsw.com<br \/>TEL: 86-0510-82701813<\/p>\t\t\t\t\t\t<\/div>\n\t\t\t\t<\/div>\n\t\t\t\t<\/div>\n\t\t<div class=\"elementor-element elementor-element-3b1cd597 e-con-full e-flex e-con e-child\" data-id=\"3b1cd597\" data-element_type=\"container\">\n\t\t\t\t<div class=\"elementor-element elementor-element-701786e fluentform-widget-submit-button-custom elementor-widget elementor-widget-fluent-form-widget\" data-id=\"701786e\" data-element_type=\"widget\" data-widget_type=\"fluent-form-widget.default\">\n\t\t\t\t<div class=\"elementor-widget-container\">\n\t\t\t\n            <div class=\"fluentform-widget-wrapper fluentform-widget-align-default\">\n\n            \n            <div class='fluentform ff-default fluentform_wrapper_4 ffs_default_wrap'><form data-form_id=\"4\" id=\"fluentform_4\" class=\"frm-fluent-form fluent_form_4 ff-el-form-top ff_form_instance_4_1 ff-form-loading ffs_default\" data-form_instance=\"ff_form_instance_4_1\" method=\"POST\" action=\"\" ><fieldset  style=\"border: none!important;margin: 0!important;padding: 0!important;background-color: transparent!important;box-shadow: none!important;outline: none!important; min-inline-size: 100%;\">\n                    <legend class=\"ff_screen_reader_title\" style=\"display: block; margin: 0!important;padding: 0!important;height: 0!important;text-indent: -999999px;width: 0!important;overflow:hidden;\">Support Form (#4)<\/legend><input type='hidden' name='__fluent_form_embded_post_id' value='125' \/><input type=\"hidden\" id=\"_fluentform_4_fluentformnonce\" name=\"_fluentform_4_fluentformnonce\" value=\"409c410c7c\" \/><input type=\"hidden\" name=\"_wp_http_referer\" value=\"\/es\/wp-json\/wp\/v2\/pages\/125\" \/><div data-type=\"name-element\" data-name=\"names\" class=\"ff-field_container ff-name-field-wrapper\" ><div class='ff-t-container'><div class='ff-t-cell'><div class='ff-el-group'><div class=\"ff-el-input--label ff-el-is-required asterisk-right\"><label for='ff_4_names_first_name_' aria-label=\"Tu nombre\">Tu nombre<\/label><\/div><div class='ff-el-input--content'><input type=\"text\" name=\"names[first_name]\" id=\"ff_4_names_first_name_\" class=\"ff-el-form-control\" aria-invalid=\"false\" aria-required=\"true\"><\/div><\/div><\/div><\/div><\/div><div class='ff-el-group'><div class=\"ff-el-input--label ff-el-is-required asterisk-right\"><label for='ff_4_email' aria-label=\"Your Email Address:\">Your Email Address:<\/label><\/div><div class='ff-el-input--content'><input type=\"email\" name=\"email\" id=\"ff_4_email\" class=\"ff-el-form-control\" placeholder=\"you@domain.com\" data-name=\"email\"  aria-invalid=\"false\" aria-required=\"true\"><\/div><\/div><div class='ff-el-group'><div class=\"ff-el-input--label ff-el-is-required asterisk-right\"><label for='ff_4_subject' aria-label=\"Producto sobre el que desea consultar\">Producto sobre el que desea consultar<\/label><\/div><div class='ff-el-input--content'><input type=\"text\" name=\"subject\" class=\"ff-el-form-control\" placeholder=\"Producto sobre el que desea consultar\" data-name=\"subject\" id=\"ff_4_subject\"  aria-invalid=\"false\" aria-required=\"true\"><\/div><\/div><div class='ff-el-group'><div class=\"ff-el-input--label asterisk-right\"><label for='ff_4_description' aria-label=\"Descripci\u00f3n del problema:\">Descripci\u00f3n del problema:<\/label><\/div><div class='ff-el-input--content'><textarea aria-invalid=\"false\" aria-required=\"false\" name=\"description\" id=\"ff_4_description\" class=\"ff-el-form-control\" rows=\"4\" cols=\"2\" data-name=\"description\" ><\/textarea><\/div><\/div><div class='ff-el-group ff-text-left ff_submit_btn_wrapper'><button type=\"submit\" class=\"ff-btn ff-btn-submit ff-btn-md ff_btn_style\" >Enviar Formulario<\/button><\/div><\/fieldset><input type=\"hidden\" name=\"trp-form-language\" value=\"es\"\/><\/form><div id='fluentform_4_errors' class='ff-errors-in-stack ff_form_instance_4_1 ff-form-loading_errors ff_form_instance_4_1_errors'><\/div><\/div>        <script type=\"text\/javascript\">\n            window.fluent_form_ff_form_instance_4_1 = {\"id\":\"4\",\"settings\":{\"layout\":{\"labelPlacement\":\"top\",\"helpMessagePlacement\":\"with_label\",\"errorMessagePlacement\":\"inline\",\"cssClassName\":\"\",\"asteriskPlacement\":\"asterisk-right\"},\"restrictions\":{\"denyEmptySubmission\":{\"enabled\":false}}},\"form_instance\":\"ff_form_instance_4_1\",\"form_id_selector\":\"fluentform_4\",\"rules\":{\"names[first_name]\":{\"required\":{\"value\":true,\"message\":\"Este campo es obligatorio\",\"global\":true,\"global_message\":\"This field is required\"}},\"names[middle_name]\":{\"required\":{\"value\":false,\"message\":\"Este campo es obligatorio\",\"global\":true,\"global_message\":\"This field is required\"}},\"names[last_name]\":{\"required\":{\"value\":false,\"message\":\"Este campo es obligatorio\",\"global\":true,\"global_message\":\"This field is required\"}},\"email\":{\"required\":{\"value\":true,\"message\":\"Email field is required\",\"global\":false,\"global_message\":\"This field is required\"},\"email\":{\"value\":true,\"message\":\"Este campo debe contener un correo electr\\u00f3nico v\\u00e1lido\",\"global\":true,\"global_message\":\"This field must contain a valid email\"}},\"subject\":{\"required\":{\"value\":true,\"message\":\"Product you want to consult for\",\"global\":false,\"global_message\":\"This field is required\"}},\"description\":{\"required\":{\"value\":false,\"message\":\"Este campo es obligatorio\",\"global\":true,\"global_message\":\"This field is required\"}}}};\n                    <\/script>\n                    <\/div>\n\n            \t\t<\/div>\n\t\t\t\t<\/div>\n\t\t\t\t<\/div>\n\t\t\t\t\t<\/div>\n\t\t\t\t<\/div>\n\t\t\t\t<\/div>","protected":false},"excerpt":{"rendered":"<p>Customized Service Sinotest provides you with various accessorie, to meet the requirement of different test. Customized service Can&#8217;t find the machine you&#8217;re looking for?Sinotest offers customized solutions!Want more product details?Leave your contact information, and our sales engineers will reach out to you promptly!Email:camcjsw@camcjsw.comTEL:86-0510-82701813 Support Form (#4) Your NameYour Email Address:Product you want to consult forProblem [&hellip;]<\/p>","protected":false},"author":1,"featured_media":0,"parent":0,"menu_order":0,"comment_status":"closed","ping_status":"closed","template":"","meta":{"_uag_custom_page_level_css":"","site-sidebar-layout":"no-sidebar","site-content-layout":"page-builder","ast-site-content-layout":"full-width-container","site-content-style":"default","site-sidebar-style":"default","ast-global-header-display":"","ast-banner-title-visibility":"","ast-main-header-display":"","ast-hfb-above-header-display":"","ast-hfb-below-header-display":"","ast-hfb-mobile-header-display":"","site-post-title":"disabled","ast-breadcrumbs-content":"","ast-featured-img":"disabled","footer-sml-layout":"","theme-transparent-header-meta":"","adv-header-id-meta":"","stick-header-meta":"","header-above-stick-meta":"","header-main-stick-meta":"","header-below-stick-meta":"","astra-migrate-meta-layouts":"set","ast-page-background-enabled":"default","ast-page-background-meta":{"desktop":{"background-color":"","background-image":"","background-repeat":"repeat","background-position":"center center","background-size":"auto","background-attachment":"scroll","background-type":"","background-media":"","overlay-type":"","overlay-color":"","overlay-opacity":"","overlay-gradient":""},"tablet":{"background-color":"","background-image":"","background-repeat":"repeat","background-position":"center center","background-size":"auto","background-attachment":"scroll","background-type":"","background-media":"","overlay-type":"","overlay-color":"","overlay-opacity":"","overlay-gradient":""},"mobile":{"background-color":"","background-image":"","background-repeat":"repeat","background-position":"center center","background-size":"auto","background-attachment":"scroll","background-type":"","background-media":"","overlay-type":"","overlay-color":"","overlay-opacity":"","overlay-gradient":""}},"ast-content-background-meta":{"desktop":{"background-color":"var(--ast-global-color-5)","background-image":"","background-repeat":"repeat","background-position":"center center","background-size":"auto","background-attachment":"scroll","background-type":"","background-media":"","overlay-type":"","overlay-color":"","overlay-opacity":"","overlay-gradient":""},"tablet":{"background-color":"var(--ast-global-color-5)","background-image":"","background-repeat":"repeat","background-position":"center center","background-size":"auto","background-attachment":"scroll","background-type":"","background-media":"","overlay-type":"","overlay-color":"","overlay-opacity":"","overlay-gradient":""},"mobile":{"background-color":"var(--ast-global-color-5)","background-image":"","background-repeat":"repeat","background-position":"center center","background-size":"auto","background-attachment":"scroll","background-type":"","background-media":"","overlay-type":"","overlay-color":"","overlay-opacity":"","overlay-gradient":""}},"footnotes":""},"class_list":["post-125","page","type-page","status-publish","hentry"],"yoast_head":"<!-- This site is optimized with the Yoast SEO Premium plugin v22.5 (Yoast SEO v22.9) - https:\/\/yoast.com\/wordpress\/plugins\/seo\/ -->\r\n<title>Customized Service - SINOTEST, a brand of JIANGSU WALLONG-HSIN MACHINERY ENGINEERING CORPORATION LTD<\/title>\r\n<meta name=\"description\" content=\"Customized Service - Sinotest offers customized solutions ! Want more product details?Leave your contact information, and our sales engineers will reach out to you promptly!\" \/>\r\n<meta name=\"robots\" content=\"index, follow, max-snippet:-1, max-image-preview:large, max-video-preview:-1\" \/>\r\n<link rel=\"canonical\" href=\"http:\/\/www.camcjsw-testmachines.com\/es\/customized-service\/\" \/>\r\n<meta property=\"og:locale\" content=\"es_ES\" \/>\r\n<meta property=\"og:type\" content=\"article\" \/>\r\n<meta property=\"og:title\" content=\"Customized Service\" \/>\r\n<meta property=\"og:description\" content=\"Customized Service - Sinotest offers customized solutions ! Want more product details?Leave your contact information, and our sales engineers will reach out to you promptly!\" \/>\r\n<meta property=\"og:url\" content=\"http:\/\/www.camcjsw-testmachines.com\/es\/customized-service\/\" \/>\r\n<meta property=\"og:site_name\" content=\"SINOTEST, a brand of JIANGSU WALLONG-HSIN MACHINERY ENGINEERING CORPORATION LTD\" \/>\r\n<meta property=\"article:publisher\" content=\"https:\/\/www.facebook.com\/sinotestcorporation\/\" \/>\r\n<meta property=\"article:modified_time\" content=\"2025-11-12T03:15:32+00:00\" \/>\r\n<meta name=\"twitter:card\" content=\"summary_large_image\" \/>\r\n<meta name=\"twitter:site\" content=\"@sinotestmachine\" \/>\r\n<meta name=\"twitter:label1\" content=\"Tiempo de lectura\" \/>\n\t<meta name=\"twitter:data1\" content=\"1 minuto\" \/>\r\n<script type=\"application\/ld+json\" class=\"yoast-schema-graph\">{\"@context\":\"https:\/\/schema.org\",\"@graph\":[{\"@type\":\"WebPage\",\"@id\":\"http:\/\/www.camcjsw-testmachines.com\/customized-service\/\",\"url\":\"http:\/\/www.camcjsw-testmachines.com\/customized-service\/\",\"name\":\"Customized Service - SINOTEST, a brand of JIANGSU WALLONG-HSIN MACHINERY ENGINEERING CORPORATION LTD\",\"isPartOf\":{\"@id\":\"http:\/\/www.camcjsw-testmachines.com\/#website\"},\"datePublished\":\"2024-07-01T03:01:34+00:00\",\"dateModified\":\"2025-11-12T03:15:32+00:00\",\"description\":\"Customized Service - Sinotest offers customized solutions ! Want more product details?Leave your contact information, and our sales engineers will reach out to you promptly!\",\"breadcrumb\":{\"@id\":\"http:\/\/www.camcjsw-testmachines.com\/customized-service\/#breadcrumb\"},\"inLanguage\":\"es\",\"potentialAction\":[{\"@type\":\"ReadAction\",\"target\":[\"http:\/\/www.camcjsw-testmachines.com\/customized-service\/\"]}]},{\"@type\":\"BreadcrumbList\",\"@id\":\"http:\/\/www.camcjsw-testmachines.com\/customized-service\/#breadcrumb\",\"itemListElement\":[{\"@type\":\"ListItem\",\"position\":1,\"name\":\"Home\",\"item\":\"http:\/\/www.camcjsw-testmachines.com\/\"},{\"@type\":\"ListItem\",\"position\":2,\"name\":\"Customized Service\"}]},{\"@type\":\"WebSite\",\"@id\":\"http:\/\/www.camcjsw-testmachines.com\/#website\",\"url\":\"http:\/\/www.camcjsw-testmachines.com\/\",\"name\":\"SinoTest Testing machine\",\"description\":\"\",\"publisher\":{\"@id\":\"http:\/\/www.camcjsw-testmachines.com\/#organization\"},\"potentialAction\":[{\"@type\":\"SearchAction\",\"target\":{\"@type\":\"EntryPoint\",\"urlTemplate\":\"http:\/\/www.camcjsw-testmachines.com\/?s={search_term_string}\"},\"query-input\":\"required name=search_term_string\"}],\"inLanguage\":\"es\"},{\"@type\":\"Organization\",\"@id\":\"http:\/\/www.camcjsw-testmachines.com\/#organization\",\"name\":\"JIANGSU WALLONG-HSIN MACHINERY ENGINEERING CORPORATION LTD.\",\"url\":\"http:\/\/www.camcjsw-testmachines.com\/\",\"logo\":{\"@type\":\"ImageObject\",\"inLanguage\":\"es\",\"@id\":\"http:\/\/www.camcjsw-testmachines.com\/#\/schema\/logo\/image\/\",\"url\":\"http:\/\/www.camcjsw-testmachines.com\/wp-content\/uploads\/2024\/07\/logo-scaled.webp\",\"contentUrl\":\"http:\/\/www.camcjsw-testmachines.com\/wp-content\/uploads\/2024\/07\/logo-scaled.webp\",\"width\":2560,\"height\":458,\"caption\":\"JIANGSU WALLONG-HSIN MACHINERY ENGINEERING CORPORATION LTD.\"},\"image\":{\"@id\":\"http:\/\/www.camcjsw-testmachines.com\/#\/schema\/logo\/image\/\"},\"sameAs\":[\"https:\/\/www.facebook.com\/sinotestcorporation\/\",\"https:\/\/x.com\/sinotestmachine\"]}]}<\/script>\r\n<!-- \/ Yoast SEO Premium plugin. -->","yoast_head_json":{"title":"Customized Service - SINOTEST, a brand of JIANGSU WALLONG-HSIN MACHINERY ENGINEERING CORPORATION LTD","description":"Customized Service - Sinotest offers customized solutions ! Want more product details?Leave your contact information, and our sales engineers will reach out to you promptly!","robots":{"index":"index","follow":"follow","max-snippet":"max-snippet:-1","max-image-preview":"max-image-preview:large","max-video-preview":"max-video-preview:-1"},"canonical":"http:\/\/www.camcjsw-testmachines.com\/es\/customized-service\/","og_locale":"es_ES","og_type":"article","og_title":"Customized Service","og_description":"Customized Service - Sinotest offers customized solutions ! Want more product details?Leave your contact information, and our sales engineers will reach out to you promptly!","og_url":"http:\/\/www.camcjsw-testmachines.com\/es\/customized-service\/","og_site_name":"SINOTEST, a brand of JIANGSU WALLONG-HSIN MACHINERY ENGINEERING CORPORATION LTD","article_publisher":"https:\/\/www.facebook.com\/sinotestcorporation\/","article_modified_time":"2025-11-12T03:15:32+00:00","twitter_card":"summary_large_image","twitter_site":"@sinotestmachine","twitter_misc":{"Tiempo de lectura":"1 minuto"},"schema":{"@context":"https:\/\/schema.org","@graph":[{"@type":"WebPage","@id":"http:\/\/www.camcjsw-testmachines.com\/customized-service\/","url":"http:\/\/www.camcjsw-testmachines.com\/customized-service\/","name":"Customized Service - SINOTEST, a brand of JIANGSU WALLONG-HSIN MACHINERY ENGINEERING CORPORATION LTD","isPartOf":{"@id":"http:\/\/www.camcjsw-testmachines.com\/#website"},"datePublished":"2024-07-01T03:01:34+00:00","dateModified":"2025-11-12T03:15:32+00:00","description":"Customized Service - Sinotest offers customized solutions ! Want more product details?Leave your contact information, and our sales engineers will reach out to you promptly!","breadcrumb":{"@id":"http:\/\/www.camcjsw-testmachines.com\/customized-service\/#breadcrumb"},"inLanguage":"es","potentialAction":[{"@type":"ReadAction","target":["http:\/\/www.camcjsw-testmachines.com\/customized-service\/"]}]},{"@type":"BreadcrumbList","@id":"http:\/\/www.camcjsw-testmachines.com\/customized-service\/#breadcrumb","itemListElement":[{"@type":"ListItem","position":1,"name":"Home","item":"http:\/\/www.camcjsw-testmachines.com\/"},{"@type":"ListItem","position":2,"name":"Customized Service"}]},{"@type":"WebSite","@id":"http:\/\/www.camcjsw-testmachines.com\/#website","url":"http:\/\/www.camcjsw-testmachines.com\/","name":"SinoTest Testing machine","description":"","publisher":{"@id":"http:\/\/www.camcjsw-testmachines.com\/#organization"},"potentialAction":[{"@type":"SearchAction","target":{"@type":"EntryPoint","urlTemplate":"http:\/\/www.camcjsw-testmachines.com\/?s={search_term_string}"},"query-input":"required name=search_term_string"}],"inLanguage":"es"},{"@type":"Organization","@id":"http:\/\/www.camcjsw-testmachines.com\/#organization","name":"JIANGSU WALLONG-HSIN MACHINERY ENGINEERING CORPORATION LTD.","url":"http:\/\/www.camcjsw-testmachines.com\/","logo":{"@type":"ImageObject","inLanguage":"es","@id":"http:\/\/www.camcjsw-testmachines.com\/#\/schema\/logo\/image\/","url":"http:\/\/www.camcjsw-testmachines.com\/wp-content\/uploads\/2024\/07\/logo-scaled.webp","contentUrl":"http:\/\/www.camcjsw-testmachines.com\/wp-content\/uploads\/2024\/07\/logo-scaled.webp","width":2560,"height":458,"caption":"JIANGSU WALLONG-HSIN MACHINERY ENGINEERING CORPORATION LTD."},"image":{"@id":"http:\/\/www.camcjsw-testmachines.com\/#\/schema\/logo\/image\/"},"sameAs":["https:\/\/www.facebook.com\/sinotestcorporation\/","https:\/\/x.com\/sinotestmachine"]}]}},"uagb_featured_image_src":{"full":false,"thumbnail":false,"medium":false,"medium_large":false,"large":false,"1536x1536":false,"2048x2048":false,"trp-custom-language-flag":false,"woocommerce_thumbnail":false,"woocommerce_single":false,"woocommerce_gallery_thumbnail":false},"uagb_author_info":{"display_name":"testmachines","author_link":"http:\/\/www.camcjsw-testmachines.com\/es\/author\/testmachines\/"},"uagb_comment_info":0,"uagb_excerpt":"Customized Service Sinotest provides you with various accessorie, to meet the requirement of different test. Customized service Can&#8217;t find the machine you&#8217;re looking for?Sinotest offers customized solutions!Want more product details?Leave your contact information, and our sales engineers will reach out to you promptly!Email:camcjsw@camcjsw.comTEL:86-0510-82701813 Support Form (#4) Your NameYour Email Address:Product you want to consult forProblem&hellip;","_links":{"self":[{"href":"http:\/\/www.camcjsw-testmachines.com\/es\/wp-json\/wp\/v2\/pages\/125","targetHints":{"allow":["GET"]}}],"collection":[{"href":"http:\/\/www.camcjsw-testmachines.com\/es\/wp-json\/wp\/v2\/pages"}],"about":[{"href":"http:\/\/www.camcjsw-testmachines.com\/es\/wp-json\/wp\/v2\/types\/page"}],"author":[{"embeddable":true,"href":"http:\/\/www.camcjsw-testmachines.com\/es\/wp-json\/wp\/v2\/users\/1"}],"replies":[{"embeddable":true,"href":"http:\/\/www.camcjsw-testmachines.com\/es\/wp-json\/wp\/v2\/comments?post=125"}],"version-history":[{"count":0,"href":"http:\/\/www.camcjsw-testmachines.com\/es\/wp-json\/wp\/v2\/pages\/125\/revisions"}],"wp:attachment":[{"href":"http:\/\/www.camcjsw-testmachines.com\/es\/wp-json\/wp\/v2\/media?parent=125"}],"curies":[{"name":"wp","href":"https:\/\/api.w.org\/{rel}","templated":true}]}}